{"id":35,"date":"2018-07-04T02:30:12","date_gmt":"2018-07-04T02:30:12","guid":{"rendered":"https:\/\/fernandosalvio.com.br\/ativista\/?page_id=35"},"modified":"2018-08-03T21:27:25","modified_gmt":"2018-08-03T21:27:25","slug":"vivencias","status":"publish","type":"page","link":"https:\/\/fernandosalvio.com.br\/ativista\/vivencias\/","title":{"rendered":"Viv\u00eancias"},"content":{"rendered":"<p>Atuando na \u00e1rea do ativismo socioambiental h\u00e1 8 anos, desenvolvi viv\u00eancias e palestras em diversos assuntos co-relacionados.<\/p>\n<ul>\n<li>Meio Ambiente<\/li>\n<li>Compostagem<\/li>\n<li>Energia Solar<\/li>\n<li>Aquaponia<\/li>\n<li>Tecnologia e Dados Abertos<\/li>\n<li>Ativismo<\/li>\n<li>Outras<\/li>\n<\/ul>\n<p>S\u00e3o adapt\u00e1veis a diversos tipos de p\u00fablico e eventos. Novas ideias s\u00e3o sempre bem vindas.<\/p>\n<p><img loading=\"lazy\" decoding=\"async\" class=\"alignnone size-full wp-image-40\" src=\"https:\/\/fernandosalvio.com.br\/ativista\/wp-content\/uploads\/2018\/07\/atento.jpg\" alt=\"\" width=\"960\" height=\"540\" srcset=\"https:\/\/fernandosalvio.com.br\/ativista\/wp-content\/uploads\/2018\/07\/atento.jpg 960w, https:\/\/fernandosalvio.com.br\/ativista\/wp-content\/uploads\/2018\/07\/atento-300x169.jpg 300w, https:\/\/fernandosalvio.com.br\/ativista\/wp-content\/uploads\/2018\/07\/atento-768x432.jpg 768w, https:\/\/fernandosalvio.com.br\/ativista\/wp-content\/uploads\/2018\/07\/atento-780x439.jpg 780w\" sizes=\"auto, (max-width: 767px) 89vw, (max-width: 1000px) 54vw, (max-width: 1071px) 543px, 580px\" \/><\/p>\n<p><img loading=\"lazy\" decoding=\"async\" class=\"alignnone size-full wp-image-39\" src=\"https:\/\/fernandosalvio.com.br\/ativista\/wp-content\/uploads\/2018\/07\/escola.jpg\" alt=\"\" width=\"960\" height=\"720\" srcset=\"https:\/\/fernandosalvio.com.br\/ativista\/wp-content\/uploads\/2018\/07\/escola.jpg 960w, https:\/\/fernandosalvio.com.br\/ativista\/wp-content\/uploads\/2018\/07\/escola-300x225.jpg 300w, https:\/\/fernandosalvio.com.br\/ativista\/wp-content\/uploads\/2018\/07\/escola-768x576.jpg 768w, https:\/\/fernandosalvio.com.br\/ativista\/wp-content\/uploads\/2018\/07\/escola-780x585.jpg 780w\" sizes=\"auto, (max-width: 767px) 89vw, (max-width: 1000px) 54vw, (max-width: 1071px) 543px, 580px\" \/><\/p>\n<p><img loading=\"lazy\" decoding=\"async\" class=\"alignnone size-full wp-image-38\" src=\"https:\/\/fernandosalvio.com.br\/ativista\/wp-content\/uploads\/2018\/07\/escola2.jpg\" alt=\"\" width=\"960\" height=\"540\" srcset=\"https:\/\/fernandosalvio.com.br\/ativista\/wp-content\/uploads\/2018\/07\/escola2.jpg 960w, https:\/\/fernandosalvio.com.br\/ativista\/wp-content\/uploads\/2018\/07\/escola2-300x169.jpg 300w, https:\/\/fernandosalvio.com.br\/ativista\/wp-content\/uploads\/2018\/07\/escola2-768x432.jpg 768w, https:\/\/fernandosalvio.com.br\/ativista\/wp-content\/uploads\/2018\/07\/escola2-780x439.jpg 780w\" sizes=\"auto, (max-width: 767px) 89vw, (max-width: 1000px) 54vw, (max-width: 1071px) 543px, 580px\" \/><\/p>\n<figure id=\"attachment_84\" aria-describedby=\"caption-attachment-84\" style=\"width: 960px\" class=\"wp-caption alignnone\"><img loading=\"lazy\" decoding=\"async\" class=\"size-full wp-image-84\" src=\"https:\/\/fernandosalvio.com.br\/ativista\/wp-content\/uploads\/2018\/07\/Prudente-de-Moraes-16-6-2016.jpg\" alt=\"\" width=\"960\" height=\"540\" srcset=\"https:\/\/fernandosalvio.com.br\/ativista\/wp-content\/uploads\/2018\/07\/Prudente-de-Moraes-16-6-2016.jpg 960w, https:\/\/fernandosalvio.com.br\/ativista\/wp-content\/uploads\/2018\/07\/Prudente-de-Moraes-16-6-2016-300x169.jpg 300w, https:\/\/fernandosalvio.com.br\/ativista\/wp-content\/uploads\/2018\/07\/Prudente-de-Moraes-16-6-2016-768x432.jpg 768w, https:\/\/fernandosalvio.com.br\/ativista\/wp-content\/uploads\/2018\/07\/Prudente-de-Moraes-16-6-2016-780x439.jpg 780w\" sizes=\"auto, (max-width: 767px) 89vw, (max-width: 1000px) 54vw, (max-width: 1071px) 543px, 580px\" \/><figcaption id=\"caption-attachment-84\" class=\"wp-caption-text\"><a style=\"font-size: 1rem;\" href=\"mailto:fernando@fernandosalvio.com.br\">Entre em contato<\/a><span style=\"color: #333333; font-size: 1rem;\">.<\/span><\/figcaption><\/figure>\n","protected":false},"excerpt":{"rendered":"<p>Atuando na \u00e1rea do ativismo socioambiental h\u00e1 8 anos, desenvolvi viv\u00eancias e palestras em diversos assuntos co-relacionados. Meio Ambiente Compostagem Energia Solar Aquaponia Tecnologia e Dados Abertos Ativismo Outras S\u00e3o adapt\u00e1veis a diversos tipos de p\u00fablico e eventos. Novas ideias s\u00e3o sempre bem vindas.<\/p>\n","protected":false},"author":1,"featured_media":0,"parent":0,"menu_order":0,"comment_status":"closed","ping_status":"closed","template":"","meta":{"_exactmetrics_skip_tracking":false,"_exactmetrics_sitenote_active":false,"_exactmetrics_sitenote_note":"","_exactmetrics_sitenote_category":0,"ngg_post_thumbnail":0,"footnotes":""},"class_list":["post-35","page","type-page","status-publish","hentry"],"_links":{"self":[{"href":"https:\/\/fernandosalvio.com.br\/ativista\/wp-json\/wp\/v2\/pages\/35","targetHints":{"allow":["GET"]}}],"collection":[{"href":"https:\/\/fernandosalvio.com.br\/ativista\/wp-json\/wp\/v2\/pages"}],"about":[{"href":"https:\/\/fernandosalvio.com.br\/ativista\/wp-json\/wp\/v2\/types\/page"}],"author":[{"embeddable":true,"href":"https:\/\/fernandosalvio.com.br\/ativista\/wp-json\/wp\/v2\/users\/1"}],"replies":[{"embeddable":true,"href":"https:\/\/fernandosalvio.com.br\/ativista\/wp-json\/wp\/v2\/comments?post=35"}],"version-history":[{"count":10,"href":"https:\/\/fernandosalvio.com.br\/ativista\/wp-json\/wp\/v2\/pages\/35\/revisions"}],"predecessor-version":[{"id":310,"href":"https:\/\/fernandosalvio.com.br\/ativista\/wp-json\/wp\/v2\/pages\/35\/revisions\/310"}],"wp:attachment":[{"href":"https:\/\/fernandosalvio.com.br\/ativista\/wp-json\/wp\/v2\/media?parent=35"}],"curies":[{"name":"wp","href":"https:\/\/api.w.org\/{rel}","templated":true}]}}