{"id":68,"date":"2018-07-05T12:40:39","date_gmt":"2018-07-05T12:40:39","guid":{"rendered":"https:\/\/fernandosalvio.com.br\/ativista\/?page_id=68"},"modified":"2018-07-17T14:16:27","modified_gmt":"2018-07-17T14:16:27","slug":"videos","status":"publish","type":"page","link":"https:\/\/fernandosalvio.com.br\/ativista\/videos\/","title":{"rendered":"V\u00eddeos"},"content":{"rendered":"<p><strong>Reportagem Jornal da Cultura &#8211; Pequenas a\u00e7\u00f5es vs COP23<\/strong><\/p>\n<p><iframe loading=\"lazy\" title=\"Reportagem Jornal da Cultura - Pequenas a\u00e7\u00f5es vs COP23\" width=\"525\" height=\"295\" src=\"https:\/\/www.youtube.com\/embed\/s6Pti5U93po?feature=oembed\" frameborder=\"0\" allow=\"accelerometer; autoplay; clipboard-write; encrypted-media; gyroscope; picture-in-picture; web-share\" referrerpolicy=\"strict-origin-when-cross-origin\" allowfullscreen><\/iframe><\/p>\n<p><a href=\"https:\/\/www.youtube.com\/watch?v=s6Pti5U93po\" target=\"_blank\" rel=\"noopener\">https:\/\/www.youtube.com\/watch?v=s6Pti5U93po<\/a><\/p>\n<p><strong>Reportagem sobre aquaponia &#8211; TV C\u00e2mara<\/strong><\/p>\n<p><iframe loading=\"lazy\" title=\"Reportagem sobre Aquaponia - TV C\u00e2mara SP - EQUILIBRIUM\" width=\"525\" height=\"394\" src=\"https:\/\/www.youtube.com\/embed\/KlPRSpMRE5g?start=1249&#038;feature=oembed\" frameborder=\"0\" allow=\"accelerometer; autoplay; clipboard-write; encrypted-media; gyroscope; picture-in-picture; web-share\" referrerpolicy=\"strict-origin-when-cross-origin\" allowfullscreen><\/iframe><\/p>\n<p><a href=\"https:\/\/youtu.be\/KlPRSpMRE5g?t=20m49s\" target=\"_blank\" rel=\"noopener\">https:\/\/youtu.be\/KlPRSpMRE5g<\/a><\/p>\n<p><strong>Greenpeace &#8211; O Sol brilha mais forte na periferia de S\u00e3o Paulo<\/strong><\/p>\n<p><iframe loading=\"lazy\" title=\"O Sol brilha mais forte na periferia de S\u00e3o Paulo\" width=\"525\" height=\"295\" src=\"https:\/\/www.youtube.com\/embed\/_7GTMyNADcc?feature=oembed\" frameborder=\"0\" allow=\"accelerometer; autoplay; clipboard-write; encrypted-media; gyroscope; picture-in-picture; web-share\" referrerpolicy=\"strict-origin-when-cross-origin\" allowfullscreen><\/iframe><\/p>\n<p><a href=\"https:\/\/www.youtube.com\/watch?v=_7GTMyNADcc\" target=\"_blank\" rel=\"noopener\">https:\/\/www.youtube.com\/watch?v=_7GTMyNADcc<\/a><\/p>\n<p><strong>Gazeta &#8211; Luta pelos Novos Parques em S\u00e3o Paulo<\/strong><\/p>\n<p><iframe loading=\"lazy\" title=\"Mat\u00e9ria sobre Parques - Gazeta - 07\/11\/2017\" width=\"525\" height=\"295\" src=\"https:\/\/www.youtube.com\/embed\/6XX9bZML4pA?start=94&#038;feature=oembed\" frameborder=\"0\" allow=\"accelerometer; autoplay; clipboard-write; encrypted-media; gyroscope; picture-in-picture; web-share\" referrerpolicy=\"strict-origin-when-cross-origin\" allowfullscreen><\/iframe><\/p>\n<p><a href=\"https:\/\/youtu.be\/6XX9bZML4pA?t=1m34s\" target=\"_blank\" rel=\"noopener\">https:\/\/youtu.be\/6XX9bZML4pA?t=1m34s<\/a><\/p>\n<p><strong>Gazeta &#8211; Reportagem sobre a luta do Parque Vila Ema<\/strong><\/p>\n<p><iframe loading=\"lazy\" title=\"Moradores da zona leste lutam para que uma \u00e1rea particular seja destinada a parque p\u00fablico\" width=\"525\" height=\"295\" src=\"https:\/\/www.youtube.com\/embed\/4X7Hoy2ILos?start=145&#038;feature=oembed\" frameborder=\"0\" allow=\"accelerometer; autoplay; clipboard-write; encrypted-media; gyroscope; picture-in-picture; web-share\" referrerpolicy=\"strict-origin-when-cross-origin\" allowfullscreen><\/iframe><\/p>\n<p><a href=\"https:\/\/youtu.be\/4X7Hoy2ILos?t=2m25s\" target=\"_blank\" rel=\"noopener\">https:\/\/youtu.be\/4X7Hoy2ILos?t=2m25s<\/a><\/p>\n<p><strong>Gazeta &#8211; Mobiliza\u00e7\u00e3o por Parques<\/strong><\/p>\n<p><iframe loading=\"lazy\" title=\"Jornal da Gazeta - Novos parques Vila Ema e Augusta ficam no projeto (19\/02\/14)\" width=\"525\" height=\"295\" src=\"https:\/\/www.youtube.com\/embed\/REkZlljU5Wc?start=37&#038;feature=oembed\" frameborder=\"0\" allow=\"accelerometer; autoplay; clipboard-write; encrypted-media; gyroscope; picture-in-picture; web-share\" referrerpolicy=\"strict-origin-when-cross-origin\" allowfullscreen><\/iframe><\/p>\n<p><a href=\"https:\/\/youtu.be\/REkZlljU5Wc?t=37s\" target=\"_blank\" rel=\"noopener\">https:\/\/youtu.be\/REkZlljU5Wc?t=37s<\/a><\/p>\n<p><strong>Gazeta &#8211; Luta contra pr\u00e9dios<\/strong><\/p>\n<p><iframe loading=\"lazy\" title=\"Luta contra pr\u00e9dios - 11\/05\/2011\" width=\"525\" height=\"394\" src=\"https:\/\/www.youtube.com\/embed\/g8x3DfIzrCs?start=150&#038;feature=oembed\" frameborder=\"0\" allow=\"accelerometer; autoplay; clipboard-write; encrypted-media; gyroscope; picture-in-picture; web-share\" referrerpolicy=\"strict-origin-when-cross-origin\" allowfullscreen><\/iframe><\/p>\n<p><a href=\"https:\/\/youtu.be\/g8x3DfIzrCs?t=2m30s\" target=\"_blank\" rel=\"noopener\">https:\/\/youtu.be\/g8x3DfIzrCs?t=2m30s<\/a><\/p>\n<p><strong>TV C\u00e2mara &#8211; T\u00edtulo de Cidad\u00e3o Paulistano &#8211; Avelino Toffano<\/strong><\/p>\n<p><iframe loading=\"lazy\" title=\"T\u00edtulo de Cidad\u00e3o Paulistano: Avelino Toffano\" width=\"525\" height=\"394\" src=\"https:\/\/www.youtube.com\/embed\/V1ftgMtZXFM?start=43&#038;feature=oembed\" frameborder=\"0\" allow=\"accelerometer; autoplay; clipboard-write; encrypted-media; gyroscope; picture-in-picture; web-share\" referrerpolicy=\"strict-origin-when-cross-origin\" allowfullscreen><\/iframe><\/p>\n<p><a href=\"https:\/\/youtu.be\/V1ftgMtZXFM?t=43s\" target=\"_blank\" rel=\"noopener\">https:\/\/youtu.be\/V1ftgMtZXFM?t=43s<\/a><\/p>\n","protected":false},"excerpt":{"rendered":"<p>Reportagem Jornal da Cultura &#8211; Pequenas a\u00e7\u00f5es vs COP23 https:\/\/www.youtube.com\/watch?v=s6Pti5U93po Reportagem sobre aquaponia &#8211; TV C\u00e2mara https:\/\/youtu.be\/KlPRSpMRE5g Greenpeace &#8211; O Sol brilha mais forte na periferia de S\u00e3o Paulo https:\/\/www.youtube.com\/watch?v=_7GTMyNADcc Gazeta &#8211; Luta pelos Novos Parques em S\u00e3o Paulo https:\/\/youtu.be\/6XX9bZML4pA?t=1m34s Gazeta &#8211; Reportagem sobre a luta do Parque Vila Ema https:\/\/youtu.be\/4X7Hoy2ILos?t=2m25s Gazeta &#8211; Mobiliza\u00e7\u00e3o por &hellip; <\/p>\n<p class=\"link-more\"><a href=\"https:\/\/fernandosalvio.com.br\/ativista\/videos\/\" class=\"more-link\">Continuar a ler <span class=\"screen-reader-text\">&#8220;V\u00eddeos&#8221;<\/span><\/a><\/p>\n","protected":false},"author":1,"featured_media":0,"parent":0,"menu_order":0,"comment_status":"closed","ping_status":"closed","template":"","meta":{"_exactmetrics_skip_tracking":false,"_exactmetrics_sitenote_active":false,"_exactmetrics_sitenote_note":"","_exactmetrics_sitenote_category":0,"ngg_post_thumbnail":0,"footnotes":""},"class_list":["post-68","page","type-page","status-publish","hentry"],"_links":{"self":[{"href":"https:\/\/fernandosalvio.com.br\/ativista\/wp-json\/wp\/v2\/pages\/68","targetHints":{"allow":["GET"]}}],"collection":[{"href":"https:\/\/fernandosalvio.com.br\/ativista\/wp-json\/wp\/v2\/pages"}],"about":[{"href":"https:\/\/fernandosalvio.com.br\/ativista\/wp-json\/wp\/v2\/types\/page"}],"author":[{"embeddable":true,"href":"https:\/\/fernandosalvio.com.br\/ativista\/wp-json\/wp\/v2\/users\/1"}],"replies":[{"embeddable":true,"href":"https:\/\/fernandosalvio.com.br\/ativista\/wp-json\/wp\/v2\/comments?post=68"}],"version-history":[{"count":4,"href":"https:\/\/fernandosalvio.com.br\/ativista\/wp-json\/wp\/v2\/pages\/68\/revisions"}],"predecessor-version":[{"id":227,"href":"https:\/\/fernandosalvio.com.br\/ativista\/wp-json\/wp\/v2\/pages\/68\/revisions\/227"}],"wp:attachment":[{"href":"https:\/\/fernandosalvio.com.br\/ativista\/wp-json\/wp\/v2\/media?parent=68"}],"curies":[{"name":"wp","href":"https:\/\/api.w.org\/{rel}","templated":true}]}}