{"id":114,"date":"2019-08-14T22:05:17","date_gmt":"2019-08-14T22:05:17","guid":{"rendered":"https:\/\/fernandosalvio.com.br\/yoga\/?page_id=114"},"modified":"2025-03-26T19:25:12","modified_gmt":"2025-03-26T19:25:12","slug":"fernando-salvio-professor-de-yoga","status":"publish","type":"page","link":"https:\/\/fernandosalvio.com.br\/yoga\/","title":{"rendered":"Fernando Salvio &#8211; Professor de Yoga"},"content":{"rendered":"\t\t<div data-elementor-type=\"wp-post\" data-elementor-id=\"114\" class=\"elementor elementor-114\">\n\t\t\t\t\t\t<section class=\"elementor-section elementor-top-section elementor-element elementor-element-c1cf134 elementor-section-stretched elementor-section-full_width elementor-section-height-default elementor-section-height-default\" data-id=\"c1cf134\" data-element_type=\"section\" data-e-type=\"section\" data-settings=\"{&quot;stretch_section&quot;:&quot;section-stretched&quot;}\">\n\t\t\t\t\t\t<div class=\"elementor-container elementor-column-gap-default\">\n\t\t\t\t\t<div class=\"elementor-column elementor-col-100 elementor-top-column elementor-element elementor-element-a50d814\" data-id=\"a50d814\" data-element_type=\"column\" data-e-type=\"column\">\n\t\t\t<div class=\"elementor-widget-wrap elementor-element-populated\">\n\t\t\t\t\t\t<div class=\"elementor-element elementor-element-8c12914 elementor-widget elementor-widget-image-carousel\" data-id=\"8c12914\" data-element_type=\"widget\" data-e-type=\"widget\" data-settings=\"{&quot;slides_to_show&quot;:&quot;1&quot;,&quot;navigation&quot;:&quot;none&quot;,&quot;speed&quot;:800,&quot;autoplay&quot;:&quot;yes&quot;,&quot;pause_on_hover&quot;:&quot;yes&quot;,&quot;pause_on_interaction&quot;:&quot;yes&quot;,&quot;autoplay_speed&quot;:5000,&quot;infinite&quot;:&quot;yes&quot;,&quot;effect&quot;:&quot;slide&quot;}\" data-widget_type=\"image-carousel.default\">\n\t\t\t\t<div class=\"elementor-widget-container\">\n\t\t\t\t\t\t\t<div class=\"elementor-image-carousel-wrapper swiper\" role=\"region\" aria-roledescription=\"carousel\" aria-label=\"Carrossel de imagens\" dir=\"ltr\">\n\t\t\t<div class=\"elementor-image-carousel swiper-wrapper swiper-image-stretch\" aria-live=\"off\">\n\t\t\t\t\t\t\t\t<div class=\"swiper-slide\" role=\"group\" aria-roledescription=\"slide\" aria-label=\"1 de 1\"><figure class=\"swiper-slide-inner\"><img decoding=\"async\" class=\"swiper-slide-image\" src=\"https:\/\/fernandosalvio.com.br\/yoga\/wp-content\/uploads\/2019\/08\/SLIDE1-e1672850140817.jpg\" alt=\"SLIDE1\" \/><\/figure><\/div>\t\t\t<\/div>\n\t\t\t\t\t<\/div>\n\t\t\t\t\t\t<\/div>\n\t\t\t\t<\/div>\n\t\t\t\t\t<\/div>\n\t\t<\/div>\n\t\t\t\t\t<\/div>\n\t\t<\/section>\n\t\t\t\t<section class=\"elementor-section elementor-top-section elementor-element elementor-element-4978256 elementor-section-stretched elementor-section-full_width elementor-section-height-default elementor-section-height-default\" data-id=\"4978256\" data-element_type=\"section\" data-e-type=\"section\" data-settings=\"{&quot;stretch_section&quot;:&quot;section-stretched&quot;}\">\n\t\t\t\t\t\t<div class=\"elementor-container elementor-column-gap-default\">\n\t\t\t\t\t<div class=\"elementor-column elementor-col-33 elementor-top-column elementor-element elementor-element-60930fd\" data-id=\"60930fd\" data-element_type=\"column\" data-e-type=\"column\">\n\t\t\t<div class=\"elementor-widget-wrap elementor-element-populated\">\n\t\t\t\t\t\t<div class=\"elementor-element elementor-element-3378f3b elementor-widget elementor-widget-text-editor\" data-id=\"3378f3b\" data-element_type=\"widget\" data-e-type=\"widget\" data-widget_type=\"text-editor.default\">\n\t\t\t\t<div class=\"elementor-widget-container\">\n\t\t\t\t\t\t\t\t\t<h3><span style=\"color: #96bf00;\">Vamos praticar!<\/span><\/h3><ul><li><a href=\"https:\/\/fernandosalvio.com.br\/yoga\/espaco-gita-yoga\/\">Espa\u00e7o pr\u00f3prio para aulas<\/a><\/li><li>Turmas coletivas em condom\u00ednios, escolas, centros culturais, empresas.<\/li><li>Aulas online em tempo real<\/li><\/ul>\t\t\t\t\t\t\t\t<\/div>\n\t\t\t\t<\/div>\n\t\t\t\t\t<\/div>\n\t\t<\/div>\n\t\t\t\t<div class=\"elementor-column elementor-col-33 elementor-top-column elementor-element elementor-element-2f0234d\" data-id=\"2f0234d\" data-element_type=\"column\" data-e-type=\"column\">\n\t\t\t<div class=\"elementor-widget-wrap elementor-element-populated\">\n\t\t\t\t\t\t<div class=\"elementor-element elementor-element-b50270c elementor-widget elementor-widget-text-editor\" data-id=\"b50270c\" data-element_type=\"widget\" data-e-type=\"widget\" data-widget_type=\"text-editor.default\">\n\t\t\t\t<div class=\"elementor-widget-container\">\n\t\t\t\t\t\t\t\t\t<h3><span style=\"color: #96bf00;\">M\u00e9todo e forma\u00e7\u00e3o<\/span><\/h3>\n<ul>\n<li>Praticante e estudante desde 1997<\/li>\n<li>Certificado pelo do IEPY &#8211; Instituto de Ensino e Pesquisas em Yoga&nbsp;<\/li><li>Instituto Kaivalyadhama de Lonavla, \u00cdndia.<\/li>\n<\/ul>\t\t\t\t\t\t\t\t<\/div>\n\t\t\t\t<\/div>\n\t\t\t\t\t<\/div>\n\t\t<\/div>\n\t\t\t\t<div class=\"elementor-column elementor-col-33 elementor-top-column elementor-element elementor-element-b08a0bb\" data-id=\"b08a0bb\" data-element_type=\"column\" data-e-type=\"column\">\n\t\t\t<div class=\"elementor-widget-wrap elementor-element-populated\">\n\t\t\t\t\t\t<div class=\"elementor-element elementor-element-8bbbfaf elementor-widget elementor-widget-text-editor\" data-id=\"8bbbfaf\" data-element_type=\"widget\" data-e-type=\"widget\" data-widget_type=\"text-editor.default\">\n\t\t\t\t<div class=\"elementor-widget-container\">\n\t\t\t\t\t\t\t\t\t<h3><span style=\"color: #96bf00;\">Porque yoga?<\/span><\/h3><p>Yoga \u00e9 atemporal e fundamental no momento atual. Trabalhar a consci\u00eancia, a mente e o corpo para uma vida melhor.<\/p><p>\u00a0<\/p><p>\u00a0<\/p>\t\t\t\t\t\t\t\t<\/div>\n\t\t\t\t<\/div>\n\t\t\t\t\t<\/div>\n\t\t<\/div>\n\t\t\t\t\t<\/div>\n\t\t<\/section>\n\t\t\t\t<section class=\"elementor-section elementor-top-section elementor-element elementor-element-ed7290c elementor-section-stretched elementor-section-full_width elementor-section-height-default elementor-section-height-default\" data-id=\"ed7290c\" data-element_type=\"section\" data-e-type=\"section\" data-settings=\"{&quot;stretch_section&quot;:&quot;section-stretched&quot;}\">\n\t\t\t\t\t\t<div class=\"elementor-container elementor-column-gap-default\">\n\t\t\t\t\t<div class=\"elementor-column elementor-col-100 elementor-top-column elementor-element elementor-element-feff858\" data-id=\"feff858\" data-element_type=\"column\" data-e-type=\"column\">\n\t\t\t<div class=\"elementor-widget-wrap elementor-element-populated\">\n\t\t\t\t\t\t<div class=\"elementor-element elementor-element-c3d15c4 elementor-widget elementor-widget-text-editor\" data-id=\"c3d15c4\" data-element_type=\"widget\" data-e-type=\"widget\" data-widget_type=\"text-editor.default\">\n\t\t\t\t<div class=\"elementor-widget-container\">\n\t\t\t\t\t\t\t\t\t<h3 style=\"text-align: center;\"><span style=\"color: #80d000;\"><em><span style=\"text-decoration: underline;\">Yoga citta-vrtti-nirodhah<\/span><br \/><\/em><span style=\"color: #000000;\">Yoga \u00e9 a inibi\u00e7\u00e3o das modifica\u00e7\u00f5es da mente.<\/span><\/span><br \/><span style=\"color: #000000;\">Patanjali &#8211; Yoga Sutra<\/span><\/h3><h3 style=\"text-align: center;\"><span style=\"color: #80d000;\"><em>Yoga \u00e9 uma forma de viver melhor consigo mesmo e com os demais.<\/em> <\/span><br \/><span style=\"color: #000000;\">Fernando Salvio<\/span><\/h3>\t\t\t\t\t\t\t\t<\/div>\n\t\t\t\t<\/div>\n\t\t\t\t\t<\/div>\n\t\t<\/div>\n\t\t\t\t\t<\/div>\n\t\t<\/section>\n\t\t\t\t<section class=\"elementor-section elementor-top-section elementor-element elementor-element-6d288f5 elementor-section-boxed elementor-section-height-default elementor-section-height-default\" data-id=\"6d288f5\" data-element_type=\"section\" data-e-type=\"section\">\n\t\t\t\t\t\t<div class=\"elementor-container elementor-column-gap-default\">\n\t\t\t\t\t<div class=\"elementor-column elementor-col-100 elementor-top-column elementor-element elementor-element-a1a5e84\" data-id=\"a1a5e84\" data-element_type=\"column\" data-e-type=\"column\">\n\t\t\t<div class=\"elementor-widget-wrap elementor-element-populated\">\n\t\t\t\t\t\t<div class=\"elementor-element elementor-element-5e74805 elementor-widget elementor-widget-google_maps\" data-id=\"5e74805\" data-element_type=\"widget\" data-e-type=\"widget\" data-widget_type=\"google_maps.default\">\n\t\t\t\t<div class=\"elementor-widget-container\">\n\t\t\t\t\t\t\t<div class=\"elementor-custom-embed\">\n\t\t\t<iframe loading=\"lazy\"\n\t\t\t\t\tsrc=\"https:\/\/maps.google.com\/maps?q=%22Espa%C3%A7o%20Git%C3%A1%20Yoga%22%20vila%20graciosa&#038;t=m&#038;z=15&#038;output=embed&#038;iwloc=near\"\n\t\t\t\t\ttitle=\"&quot;Espa\u00e7o Git\u00e1 Yoga&quot; vila graciosa\"\n\t\t\t\t\taria-label=\"&quot;Espa\u00e7o Git\u00e1 Yoga&quot; vila graciosa\"\n\t\t\t><\/iframe>\n\t\t<\/div>\n\t\t\t\t\t\t<\/div>\n\t\t\t\t<\/div>\n\t\t\t\t\t<\/div>\n\t\t<\/div>\n\t\t\t\t\t<\/div>\n\t\t<\/section>\n\t\t\t\t<\/div>\n\t\t","protected":false},"excerpt":{"rendered":"<p>Vamos praticar! Espa\u00e7o pr\u00f3prio para aulas Turmas coletivas em condom\u00ednios, escolas, centros culturais, empresas. Aulas online em tempo real M\u00e9todo e forma\u00e7\u00e3o Praticante e estudante desde 1997 Certificado pelo do IEPY &#8211; Instituto de Ensino e Pesquisas em Yoga&nbsp; Instituto Kaivalyadhama de Lonavla, \u00cdndia. Porque yoga? Yoga \u00e9 atemporal e fundamental no momento atual. Trabalhar [&hellip;]<\/p>\n","protected":false},"author":1,"featured_media":110,"parent":0,"menu_order":0,"comment_status":"closed","ping_status":"closed","template":"elementor_header_footer","meta":{"_exactmetrics_skip_tracking":false,"_exactmetrics_sitenote_active":false,"_exactmetrics_sitenote_note":"","_exactmetrics_sitenote_category":0,"footnotes":""},"class_list":["post-114","page","type-page","status-publish","has-post-thumbnail","hentry"],"_links":{"self":[{"href":"https:\/\/fernandosalvio.com.br\/yoga\/wp-json\/wp\/v2\/pages\/114","targetHints":{"allow":["GET"]}}],"collection":[{"href":"https:\/\/fernandosalvio.com.br\/yoga\/wp-json\/wp\/v2\/pages"}],"about":[{"href":"https:\/\/fernandosalvio.com.br\/yoga\/wp-json\/wp\/v2\/types\/page"}],"author":[{"embeddable":true,"href":"https:\/\/fernandosalvio.com.br\/yoga\/wp-json\/wp\/v2\/users\/1"}],"replies":[{"embeddable":true,"href":"https:\/\/fernandosalvio.com.br\/yoga\/wp-json\/wp\/v2\/comments?post=114"}],"version-history":[{"count":33,"href":"https:\/\/fernandosalvio.com.br\/yoga\/wp-json\/wp\/v2\/pages\/114\/revisions"}],"predecessor-version":[{"id":483,"href":"https:\/\/fernandosalvio.com.br\/yoga\/wp-json\/wp\/v2\/pages\/114\/revisions\/483"}],"wp:featuredmedia":[{"embeddable":true,"href":"https:\/\/fernandosalvio.com.br\/yoga\/wp-json\/wp\/v2\/media\/110"}],"wp:attachment":[{"href":"https:\/\/fernandosalvio.com.br\/yoga\/wp-json\/wp\/v2\/media?parent=114"}],"curies":[{"name":"wp","href":"https:\/\/api.w.org\/{rel}","templated":true}]}}