{"id":123,"date":"2019-08-16T14:00:13","date_gmt":"2019-08-16T14:00:13","guid":{"rendered":"https:\/\/fernandosalvio.com.br\/yoga\/?page_id=123"},"modified":"2023-06-13T19:32:22","modified_gmt":"2023-06-13T19:32:22","slug":"quem-sou-eu","status":"publish","type":"page","link":"https:\/\/fernandosalvio.com.br\/yoga\/quem-sou-eu\/","title":{"rendered":"Quem sou eu?"},"content":{"rendered":"\t\t<div data-elementor-type=\"wp-post\" data-elementor-id=\"123\" class=\"elementor elementor-123\">\n\t\t\t\t\t\t<section class=\"elementor-section elementor-top-section elementor-element elementor-element-e1d9aad elementor-section-boxed elementor-section-height-default elementor-section-height-default\" data-id=\"e1d9aad\" data-element_type=\"section\" data-e-type=\"section\">\n\t\t\t\t\t\t<div class=\"elementor-container elementor-column-gap-default\">\n\t\t\t\t\t<div class=\"elementor-column elementor-col-100 elementor-top-column elementor-element elementor-element-577a6e0\" data-id=\"577a6e0\" data-element_type=\"column\" data-e-type=\"column\">\n\t\t\t<div class=\"elementor-widget-wrap elementor-element-populated\">\n\t\t\t\t\t\t<section class=\"elementor-section elementor-inner-section elementor-element elementor-element-a1af3b6 elementor-section-boxed elementor-section-height-default elementor-section-height-default\" data-id=\"a1af3b6\" data-element_type=\"section\" data-e-type=\"section\">\n\t\t\t\t\t\t<div class=\"elementor-container elementor-column-gap-default\">\n\t\t\t\t\t<div class=\"elementor-column elementor-col-50 elementor-inner-column elementor-element elementor-element-425cb44\" data-id=\"425cb44\" data-element_type=\"column\" data-e-type=\"column\">\n\t\t\t<div class=\"elementor-widget-wrap elementor-element-populated\">\n\t\t\t\t\t\t<div class=\"elementor-element elementor-element-0bc7332 elementor-invisible elementor-widget elementor-widget-image\" data-id=\"0bc7332\" data-element_type=\"widget\" data-e-type=\"widget\" data-settings=\"{&quot;_animation&quot;:&quot;fadeIn&quot;}\" data-widget_type=\"image.default\">\n\t\t\t\t<div class=\"elementor-widget-container\">\n\t\t\t\t\t\t\t\t\t\t\t\t\t\t\t<img fetchpriority=\"high\" decoding=\"async\" width=\"392\" height=\"365\" src=\"https:\/\/fernandosalvio.com.br\/yoga\/wp-content\/uploads\/2019\/08\/Eu.jpg\" class=\"attachment-large size-large wp-image-143\" alt=\"\" srcset=\"https:\/\/fernandosalvio.com.br\/yoga\/wp-content\/uploads\/2019\/08\/Eu.jpg 392w, https:\/\/fernandosalvio.com.br\/yoga\/wp-content\/uploads\/2019\/08\/Eu-300x279.jpg 300w\" sizes=\"(max-width: 392px) 100vw, 392px\" \/>\t\t\t\t\t\t\t\t\t\t\t\t\t\t\t<\/div>\n\t\t\t\t<\/div>\n\t\t\t\t\t<\/div>\n\t\t<\/div>\n\t\t\t\t<div class=\"elementor-column elementor-col-50 elementor-inner-column elementor-element elementor-element-dfa84dd\" data-id=\"dfa84dd\" data-element_type=\"column\" data-e-type=\"column\">\n\t\t\t<div class=\"elementor-widget-wrap elementor-element-populated\">\n\t\t\t\t\t\t<div class=\"elementor-element elementor-element-10739a3 elementor-widget elementor-widget-text-editor\" data-id=\"10739a3\" data-element_type=\"widget\" data-e-type=\"widget\" data-widget_type=\"text-editor.default\">\n\t\t\t\t<div class=\"elementor-widget-container\">\n\t\t\t\t\t\t\t\t\t<blockquote>\n<p>Praticante de Yoga desde 1997 e estudante da filosofia desde ent\u00e3o, incorporei ao meu dia a dia muitas das t\u00e9cnicas milenares com grande satisfa\u00e7\u00e3o e muitos efeitos positivos.<br>Hoje me sinto experiente o bastante para poder ensinar e aprender com os alunos.<\/p>\n<p>Venho atuando como professor desde o ano de 2019 no Espa\u00e7o Git\u00e1 Yoga, colaborarei com as aulas na Subprefeitura Vila Prudente, tamb\u00e9m ministrei aulas em outros locais diversos.<\/p>\n<\/blockquote>\t\t\t\t\t\t\t\t<\/div>\n\t\t\t\t<\/div>\n\t\t\t\t\t<\/div>\n\t\t<\/div>\n\t\t\t\t\t<\/div>\n\t\t<\/section>\n\t\t\t\t\t<\/div>\n\t\t<\/div>\n\t\t\t\t\t<\/div>\n\t\t<\/section>\n\t\t\t\t<section class=\"elementor-section elementor-top-section elementor-element elementor-element-95f72e4 elementor-section-boxed elementor-section-height-default elementor-section-height-default\" data-id=\"95f72e4\" data-element_type=\"section\" data-e-type=\"section\">\n\t\t\t\t\t\t<div class=\"elementor-container elementor-column-gap-default\">\n\t\t\t\t\t<div class=\"elementor-column elementor-col-100 elementor-top-column elementor-element elementor-element-bb5a356\" data-id=\"bb5a356\" data-element_type=\"column\" data-e-type=\"column\">\n\t\t\t<div class=\"elementor-widget-wrap elementor-element-populated\">\n\t\t\t\t\t\t<div class=\"elementor-element elementor-element-5c3a6bc elementor-widget elementor-widget-image\" data-id=\"5c3a6bc\" data-element_type=\"widget\" data-e-type=\"widget\" data-widget_type=\"image.default\">\n\t\t\t\t<div class=\"elementor-widget-container\">\n\t\t\t\t\t\t\t\t\t\t\t\t<figure class=\"wp-caption\">\n\t\t\t\t\t\t\t\t\t\t<img decoding=\"async\" width=\"974\" height=\"1024\" src=\"https:\/\/fernandosalvio.com.br\/yoga\/wp-content\/uploads\/2021\/09\/aula-yoga-unipaz-974x1024.jpg\" class=\"attachment-large size-large wp-image-424\" alt=\"Aula de Yoga na Unipaz\" srcset=\"https:\/\/fernandosalvio.com.br\/yoga\/wp-content\/uploads\/2021\/09\/aula-yoga-unipaz-974x1024.jpg.webp 974w, https:\/\/fernandosalvio.com.br\/yoga\/wp-content\/uploads\/2021\/09\/aula-yoga-unipaz-285x300.jpg.webp 285w, https:\/\/fernandosalvio.com.br\/yoga\/wp-content\/uploads\/2021\/09\/aula-yoga-unipaz-768x807.jpg.webp 768w, https:\/\/fernandosalvio.com.br\/yoga\/wp-content\/uploads\/2021\/09\/aula-yoga-unipaz.jpg.webp 1218w\" sizes=\"(max-width: 974px) 100vw, 974px\" \/>\t\t\t\t\t\t\t\t\t\t\t<figcaption class=\"widget-image-caption wp-caption-text\">Aula de Yoga ministrada para grupo Repensando a Loucura na Unipaz - SP<\/figcaption>\n\t\t\t\t\t\t\t\t\t\t<\/figure>\n\t\t\t\t\t\t\t\t\t<\/div>\n\t\t\t\t<\/div>\n\t\t\t\t<div class=\"elementor-element elementor-element-614926c elementor-widget elementor-widget-image\" data-id=\"614926c\" data-element_type=\"widget\" data-e-type=\"widget\" data-widget_type=\"image.default\">\n\t\t\t\t<div class=\"elementor-widget-container\">\n\t\t\t\t\t\t\t\t\t\t\t\t<figure class=\"wp-caption\">\n\t\t\t\t\t\t\t\t\t\t<img decoding=\"async\" width=\"1024\" height=\"768\" src=\"https:\/\/fernandosalvio.com.br\/yoga\/wp-content\/uploads\/2021\/09\/aula-espaco-gita-1024x768.jpeg\" class=\"attachment-large size-large wp-image-426\" alt=\"Aula de Yoga no Espa\u00e7o Git\u00e1\" srcset=\"https:\/\/fernandosalvio.com.br\/yoga\/wp-content\/uploads\/2021\/09\/aula-espaco-gita-1024x768.jpeg.webp 1024w, https:\/\/fernandosalvio.com.br\/yoga\/wp-content\/uploads\/2021\/09\/aula-espaco-gita-300x225.jpeg.webp 300w, https:\/\/fernandosalvio.com.br\/yoga\/wp-content\/uploads\/2021\/09\/aula-espaco-gita-768x576.jpeg.webp 768w, https:\/\/fernandosalvio.com.br\/yoga\/wp-content\/uploads\/2021\/09\/aula-espaco-gita.jpeg.webp 1130w\" sizes=\"(max-width: 1024px) 100vw, 1024px\" \/>\t\t\t\t\t\t\t\t\t\t\t<figcaption class=\"widget-image-caption wp-caption-text\">Aula de Yoga no Espa\u00e7o Git\u00e1<\/figcaption>\n\t\t\t\t\t\t\t\t\t\t<\/figure>\n\t\t\t\t\t\t\t\t\t<\/div>\n\t\t\t\t<\/div>\n\t\t\t\t<div class=\"elementor-element elementor-element-5894301 elementor-widget elementor-widget-image\" data-id=\"5894301\" data-element_type=\"widget\" data-e-type=\"widget\" data-widget_type=\"image.default\">\n\t\t\t\t<div class=\"elementor-widget-container\">\n\t\t\t\t\t\t\t\t\t\t\t\t<figure class=\"wp-caption\">\n\t\t\t\t\t\t\t\t\t\t<img loading=\"lazy\" decoding=\"async\" width=\"1024\" height=\"768\" src=\"https:\/\/fernandosalvio.com.br\/yoga\/wp-content\/uploads\/2021\/09\/aula_yoga_subprefeitura_vilaprudente-1024x768.jpg\" class=\"attachment-large size-large wp-image-427\" alt=\"Aula de Yoga na Subprefeitura Vila Prudente\" srcset=\"https:\/\/fernandosalvio.com.br\/yoga\/wp-content\/uploads\/2021\/09\/aula_yoga_subprefeitura_vilaprudente-1024x768.jpg.webp 1024w, https:\/\/fernandosalvio.com.br\/yoga\/wp-content\/uploads\/2021\/09\/aula_yoga_subprefeitura_vilaprudente-300x225.jpg.webp 300w, https:\/\/fernandosalvio.com.br\/yoga\/wp-content\/uploads\/2021\/09\/aula_yoga_subprefeitura_vilaprudente-768x576.jpg.webp 768w, https:\/\/fernandosalvio.com.br\/yoga\/wp-content\/uploads\/2021\/09\/aula_yoga_subprefeitura_vilaprudente.jpg.webp 1214w\" sizes=\"(max-width: 1024px) 100vw, 1024px\" \/>\t\t\t\t\t\t\t\t\t\t\t<figcaption class=\"widget-image-caption wp-caption-text\">Aula de Yoga na Subprefeitura Vila Prudente - Colabora\u00e7\u00e3o as aulas da professora Vivian Cardoso<\/figcaption>\n\t\t\t\t\t\t\t\t\t\t<\/figure>\n\t\t\t\t\t\t\t\t\t<\/div>\n\t\t\t\t<\/div>\n\t\t\t\t<div class=\"elementor-element elementor-element-cb746da elementor-widget elementor-widget-text-editor\" data-id=\"cb746da\" data-element_type=\"widget\" data-e-type=\"widget\" data-widget_type=\"text-editor.default\">\n\t\t\t\t<div class=\"elementor-widget-container\">\n\t\t\t\t\t\t\t\t\t<h3 style=\"text-align: center;\"><em><span style=\"text-decoration: underline;\">Yoga citta-vrtti-nirodhah<\/span><br \/><\/em>Yoga \u00e9 a inibi\u00e7\u00e3o das modifica\u00e7\u00f5es da mente.<br \/>Patanjali \u2013 Yoga Sutra<\/h3><h3 style=\"text-align: center;\"><em>Yoga \u00e9 uma forma de viver melhor consigo mesmo e com os demais.<\/em>\u00a0<br \/>Fernando Salvio<\/h3>\t\t\t\t\t\t\t\t<\/div>\n\t\t\t\t<\/div>\n\t\t\t\t\t<\/div>\n\t\t<\/div>\n\t\t\t\t\t<\/div>\n\t\t<\/section>\n\t\t\t\t<\/div>\n\t\t","protected":false},"excerpt":{"rendered":"<p>Praticante de Yoga desde 1997 e estudante da filosofia desde ent\u00e3o, incorporei ao meu dia a dia muitas das t\u00e9cnicas milenares com grande satisfa\u00e7\u00e3o e muitos efeitos positivos.Hoje me sinto experiente o bastante para poder ensinar e aprender com os alunos. Venho atuando como professor desde o ano de 2019 no Espa\u00e7o Git\u00e1 Yoga, colaborarei [&hellip;]<\/p>\n","protected":false},"author":1,"featured_media":125,"parent":0,"menu_order":0,"comment_status":"closed","ping_status":"closed","template":"templates\/page-full-width.php","meta":{"_exactmetrics_skip_tracking":false,"_exactmetrics_sitenote_active":false,"_exactmetrics_sitenote_note":"","_exactmetrics_sitenote_category":0,"footnotes":""},"class_list":["post-123","page","type-page","status-publish","has-post-thumbnail","hentry"],"_links":{"self":[{"href":"https:\/\/fernandosalvio.com.br\/yoga\/wp-json\/wp\/v2\/pages\/123","targetHints":{"allow":["GET"]}}],"collection":[{"href":"https:\/\/fernandosalvio.com.br\/yoga\/wp-json\/wp\/v2\/pages"}],"about":[{"href":"https:\/\/fernandosalvio.com.br\/yoga\/wp-json\/wp\/v2\/types\/page"}],"author":[{"embeddable":true,"href":"https:\/\/fernandosalvio.com.br\/yoga\/wp-json\/wp\/v2\/users\/1"}],"replies":[{"embeddable":true,"href":"https:\/\/fernandosalvio.com.br\/yoga\/wp-json\/wp\/v2\/comments?post=123"}],"version-history":[{"count":22,"href":"https:\/\/fernandosalvio.com.br\/yoga\/wp-json\/wp\/v2\/pages\/123\/revisions"}],"predecessor-version":[{"id":465,"href":"https:\/\/fernandosalvio.com.br\/yoga\/wp-json\/wp\/v2\/pages\/123\/revisions\/465"}],"wp:featuredmedia":[{"embeddable":true,"href":"https:\/\/fernandosalvio.com.br\/yoga\/wp-json\/wp\/v2\/media\/125"}],"wp:attachment":[{"href":"https:\/\/fernandosalvio.com.br\/yoga\/wp-json\/wp\/v2\/media?parent=123"}],"curies":[{"name":"wp","href":"https:\/\/api.w.org\/{rel}","templated":true}]}}