{"id":18,"date":"2019-08-07T18:24:57","date_gmt":"2019-08-07T18:24:57","guid":{"rendered":"https:\/\/fernandosalvio.com.br\/yoga\/?page_id=18"},"modified":"2026-01-14T17:09:27","modified_gmt":"2026-01-14T17:09:27","slug":"livros","status":"publish","type":"page","link":"https:\/\/fernandosalvio.com.br\/yoga\/livros\/","title":{"rendered":"Livros"},"content":{"rendered":"\n<p class=\"has-large-font-size\">Livros que recomendo<br><br><\/p>\n\n\n\n<p>V\u00e1rios desses est\u00e3o dispon\u00edveis para voc\u00ea na biblioteca do <a href=\"https:\/\/fernandosalvio.com.br\/yoga\/espaco-gita-yoga\/\">Espa\u00e7o Git\u00e1<\/a>.<\/p>\n\n\n\n<p><\/p>\n\n\n\n<div class=\"wp-block-columns is-layout-flex wp-container-core-columns-is-layout-9d6595d7 wp-block-columns-is-layout-flex\">\n<div class=\"wp-block-column is-layout-flow wp-block-column-is-layout-flow\" style=\"flex-basis:33.33%\">\n<figure class=\"wp-block-image size-large\"><img fetchpriority=\"high\" decoding=\"async\" width=\"347\" height=\"499\" src=\"https:\/\/fernandosalvio.com.br\/yoga\/wp-content\/uploads\/2019\/08\/yogaverde.jpg\" alt=\"\" class=\"wp-image-19\" srcset=\"https:\/\/fernandosalvio.com.br\/yoga\/wp-content\/uploads\/2019\/08\/yogaverde.jpg 347w, https:\/\/fernandosalvio.com.br\/yoga\/wp-content\/uploads\/2019\/08\/yogaverde-209x300.jpg 209w\" sizes=\"(max-width: 347px) 100vw, 347px\" \/><\/figure>\n<\/div>\n\n\n\n<div class=\"wp-block-column is-layout-flow wp-block-column-is-layout-flow\" style=\"flex-basis:66.66%\">\n<\/p>\n\n\n\n<p><strong>Yoga Verde<\/strong><\/p>\n\n\n\n<p>O autor, conhecido pelo seus livros sobre Yoga, percebe que as quest\u00f5es ambientais s\u00e3o mais urgentes. Com paralelos entre a vida na Terra e as escrituras antigas da \u00cdndia, mostra o nosso desequil\u00edbrio geral em rela\u00e7\u00e3o a biosfera. Entre muitoO Tantra Iluminados dados de que estamos em um caminho perigoso em rela\u00e7\u00e3o a polui\u00e7\u00e3o do ar, \u00e1gua e terra e o aquecimento global, ele exibe atitudes que podemos tomar, como adotar uma dieta vegetariana, diminuir o uso de transporte individual e viagens a\u00e9reas. S\u00e3o um in\u00edcio para tentar frear o desastre ambiental em que nos metemos.<\/p>\n<\/div>\n<\/div>\n\n\n\n<div class=\"wp-block-columns is-layout-flex wp-container-core-columns-is-layout-9d6595d7 wp-block-columns-is-layout-flex\">\n<div class=\"wp-block-column is-layout-flow wp-block-column-is-layout-flow\" style=\"flex-basis:33.33%\">\n<figure class=\"wp-block-image size-large\"><img decoding=\"async\" width=\"339\" height=\"499\" src=\"https:\/\/fernandosalvio.com.br\/yoga\/wp-content\/uploads\/2019\/08\/livro-estudos-sobre-yoga-editora-phorte_M1.jpg\" alt=\"\" class=\"wp-image-20\" srcset=\"https:\/\/fernandosalvio.com.br\/yoga\/wp-content\/uploads\/2019\/08\/livro-estudos-sobre-yoga-editora-phorte_M1.jpg 339w, https:\/\/fernandosalvio.com.br\/yoga\/wp-content\/uploads\/2019\/08\/livro-estudos-sobre-yoga-editora-phorte_M1-204x300.jpg 204w\" sizes=\"(max-width: 339px) 100vw, 339px\" \/><\/figure>\n<\/div>\n\n\n\n<div class=\"wp-block-column is-layout-flow wp-block-column-is-layout-flow\" style=\"flex-basis:66.66%\">\n<p><strong>Estudos sobre o Yoga<\/strong><\/p>\n<p>Livro b\u00e1sico do curso de forma\u00e7\u00e3o de professores de Yoga do IEPY. Composto por textos de v\u00e1rios nomes da \u00e1rea no Brasil, d\u00e1 uma boa introdu\u00e7\u00e3o a respeito do tema. Hist\u00f3ria, conceitos, teoria, pr\u00e1tica. Textos de Marcos Rojo, Shotaro Shimada, entre outros.<\/p>\n<\/div>\n<\/div>\n\n\n\n<div class=\"wp-block-columns is-layout-flex wp-container-core-columns-is-layout-9d6595d7 wp-block-columns-is-layout-flex\">\n<div class=\"wp-block-column is-layout-flow wp-block-column-is-layout-flow\" style=\"flex-basis:33.33%\">\n<p>reintera<\/p>\n\n\n\n<figure class=\"wp-block-image size-full\"><img decoding=\"async\" width=\"343\" height=\"499\" src=\"https:\/\/fernandosalvio.com.br\/yoga\/wp-content\/uploads\/2019\/08\/yoga-imortalidade.jpg\" alt=\"\" class=\"wp-image-21\" srcset=\"https:\/\/fernandosalvio.com.br\/yoga\/wp-content\/uploads\/2019\/08\/yoga-imortalidade.jpg 343w, https:\/\/fernandosalvio.com.br\/yoga\/wp-content\/uploads\/2019\/08\/yoga-imortalidade-206x300.jpg 206w\" sizes=\"(max-width: 343px) 100vw, 343px\" \/><\/figure>\n<\/div>\n\n\n\n<div class=\"wp-block-column is-layout-flow wp-block-column-is-layout-flow\" style=\"flex-basis:66.66%\">\n<p><strong>Yoga Imortalidade e Liberdade<\/strong><\/p>\n<p>Livro tamb\u00e9m recomendado\u00a0no\u00a0curso de forma\u00e7\u00e3o de professores de Yoga do IEPY. Um estudo aprofundado das escrituras antigas sobre o tema. V\u00e1rios aspectos da pr\u00e1tica e o contexto hist\u00f3rico em que tudo surgiu e foi se modificando ao longo de gera\u00e7\u00f5es.<\/p>\n<\/div>\n<\/div>\n\n\n\n<div class=\"wp-block-columns is-layout-flex wp-container-core-columns-is-layout-9d6595d7 wp-block-columns-is-layout-flex\">\n<div class=\"wp-block-column is-layout-flow wp-block-column-is-layout-flow\" style=\"flex-basis:33.33%\">\n<figure class=\"wp-block-image size-large\"><img loading=\"lazy\" decoding=\"async\" width=\"340\" height=\"500\" src=\"https:\/\/fernandosalvio.com.br\/yoga\/wp-content\/uploads\/2020\/07\/tantra-iluminado.jpg\" alt=\"\" class=\"wp-image-329\" srcset=\"https:\/\/fernandosalvio.com.br\/yoga\/wp-content\/uploads\/2020\/07\/tantra-iluminado.jpg 340w, https:\/\/fernandosalvio.com.br\/yoga\/wp-content\/uploads\/2020\/07\/tantra-iluminado-204x300.jpg 204w\" sizes=\"(max-width: 340px) 100vw, 340px\" \/><\/figure>\n<\/div>\n\n\n\n<div class=\"wp-block-column is-layout-flow wp-block-column-is-layout-flow\" style=\"flex-basis:66.66%\">\n<p><strong>O Tantra Iluminado<\/strong><\/p>\n<p>Uma obra rara em portugu\u00eas a respeito do Tantra e suas diversas linhas. Interessante estudo para compreender as origens do Hatha Yoga.<\/p>\n<\/div>\n<\/div>\n\n\n\n<div class=\"wp-block-columns is-layout-flex wp-container-core-columns-is-layout-9d6595d7 wp-block-columns-is-layout-flex\">\n<div class=\"wp-block-column is-layout-flow wp-block-column-is-layout-flow\" style=\"flex-basis:33.33%\">\n<figure class=\"wp-block-image size-large\"><img loading=\"lazy\" decoding=\"async\" width=\"358\" height=\"500\" src=\"https:\/\/fernandosalvio.com.br\/yoga\/wp-content\/uploads\/2020\/07\/Uma-Luz-Sobre-o-Hatha-Yoga.jpg\" alt=\"\" class=\"wp-image-330\" srcset=\"https:\/\/fernandosalvio.com.br\/yoga\/wp-content\/uploads\/2020\/07\/Uma-Luz-Sobre-o-Hatha-Yoga.jpg 358w, https:\/\/fernandosalvio.com.br\/yoga\/wp-content\/uploads\/2020\/07\/Uma-Luz-Sobre-o-Hatha-Yoga-215x300.jpg 215w\" sizes=\"(max-width: 358px) 100vw, 358px\" \/><\/figure>\n<\/div>\n\n\n\n<div class=\"wp-block-column is-layout-flow wp-block-column-is-layout-flow\" style=\"flex-basis:66.66%\">\n<p><strong>Uma luz sobre o Hatha-Yoga<\/strong><\/p>\n<p>Tradu\u00e7\u00e3o comentada sobre uma das escrituras b\u00e1sicas do Hatha Yoga medieval. O Hatha-Yoga-Pradipika. Um estudo fundamental para quem quer conhecer a origem do Yoga postural moderno. Descri\u00e7\u00e3o de \u00e1sanas, pranayamas e outras t\u00e9cnicas do Yoga.<\/p>\n\n\n\n<p><\/p>\n<\/div>\n<\/div>\n\n\n\n<div class=\"wp-block-columns is-layout-flex wp-container-core-columns-is-layout-9d6595d7 wp-block-columns-is-layout-flex\">\n<div class=\"wp-block-column is-layout-flow wp-block-column-is-layout-flow\" style=\"flex-basis:33.33%\">\n<figure class=\"wp-block-image size-large\"><img loading=\"lazy\" decoding=\"async\" width=\"361\" height=\"500\" src=\"https:\/\/fernandosalvio.com.br\/yoga\/wp-content\/uploads\/2020\/07\/A-moderna-ciencia-do-Yoga.jpg\" alt=\"\" class=\"wp-image-332\" srcset=\"https:\/\/fernandosalvio.com.br\/yoga\/wp-content\/uploads\/2020\/07\/A-moderna-ciencia-do-Yoga.jpg 361w, https:\/\/fernandosalvio.com.br\/yoga\/wp-content\/uploads\/2020\/07\/A-moderna-ciencia-do-Yoga-217x300.jpg 217w\" sizes=\"(max-width: 361px) 100vw, 361px\" \/><\/figure>\n<\/div>\n\n\n\n<div class=\"wp-block-column is-layout-flow wp-block-column-is-layout-flow\" style=\"flex-basis:66.66%\">\n<p><strong>A moderna ci\u00eancia do Yoga<\/strong><\/p>\n<p>Baseado em estudos cient\u00edficos, aborda diversos assuntos de interesse para o praticante de Yoga. Desde os efeitos ben\u00e9ficos at\u00e9 os riscos de uma pr\u00e1tica mal feita.<\/p>\n<\/div>\n<\/div>\n\n\n\n<div class=\"wp-block-columns is-layout-flex wp-container-core-columns-is-layout-9d6595d7 wp-block-columns-is-layout-flex\">\n<div class=\"wp-block-column is-layout-flow wp-block-column-is-layout-flow\" style=\"flex-basis:33.33%\">\n<figure class=\"wp-block-image size-large\"><img loading=\"lazy\" decoding=\"async\" width=\"691\" height=\"1024\" src=\"https:\/\/fernandosalvio.com.br\/yoga\/wp-content\/uploads\/2020\/07\/Bhagavad-Gita-691x1024.jpg\" alt=\"\" class=\"wp-image-334\" srcset=\"https:\/\/fernandosalvio.com.br\/yoga\/wp-content\/uploads\/2020\/07\/Bhagavad-Gita-691x1024.jpg 691w, https:\/\/fernandosalvio.com.br\/yoga\/wp-content\/uploads\/2020\/07\/Bhagavad-Gita-202x300.jpg 202w, https:\/\/fernandosalvio.com.br\/yoga\/wp-content\/uploads\/2020\/07\/Bhagavad-Gita-768x1138.jpg 768w, https:\/\/fernandosalvio.com.br\/yoga\/wp-content\/uploads\/2020\/07\/Bhagavad-Gita.jpg 1016w\" sizes=\"(max-width: 691px) 100vw, 691px\" \/><\/figure>\n<\/div>\n\n\n\n<div class=\"wp-block-column is-layout-flow wp-block-column-is-layout-flow\" style=\"flex-basis:66.66%\">\n<p><strong>Bhagavad Gita<\/strong><\/p>\n<p>Um texto milenar indiano que fala dos diversos Yogas. Em meio a uma batalha entre familiares, Arjuna se v\u00ea na d\u00favida e Krishna passa a lhe falar a alma. S\u00e3o muitas interpreta\u00e7\u00f5es poss\u00edveis para cada frase deste \u00e9pico.<\/p>\n\n\n\n<p><\/p>\n<\/div>\n<\/div>\n\n\n\n<div class=\"wp-block-columns is-layout-flex wp-container-core-columns-is-layout-9d6595d7 wp-block-columns-is-layout-flex\">\n<div class=\"wp-block-column is-layout-flow wp-block-column-is-layout-flow\" style=\"flex-basis:33.33%\">\n<figure class=\"wp-block-gallery has-nested-images columns-default is-cropped wp-block-gallery-1 is-layout-flex wp-block-gallery-is-layout-flex\">\n<figure class=\"wp-block-image size-large\"><img loading=\"lazy\" decoding=\"async\" width=\"343\" height=\"500\" data-id=\"336\" src=\"https:\/\/fernandosalvio.com.br\/yoga\/wp-content\/uploads\/2020\/07\/India-Secreta.jpg\" alt=\"\" class=\"wp-image-336\" srcset=\"https:\/\/fernandosalvio.com.br\/yoga\/wp-content\/uploads\/2020\/07\/India-Secreta.jpg 343w, https:\/\/fernandosalvio.com.br\/yoga\/wp-content\/uploads\/2020\/07\/India-Secreta-206x300.jpg 206w\" sizes=\"(max-width: 343px) 100vw, 343px\" \/><\/figure>\n<\/figure>\n<\/div>\n\n\n\n<div class=\"wp-block-column is-layout-flow wp-block-column-is-layout-flow\" style=\"flex-basis:66.66%\">\n<p><strong>A \u00cdndia Secreta<\/strong><\/p>\n<p>Uma viagem \u00e0 \u00cdndia e seus mestres sinceros, tamb\u00e9m os (talvez) charlat\u00f5es e sua cultura milenar no texto de Paul Burton, um ocidental que vasculhou o pa\u00eds em busca do conhecimento transcendental que aflorava por l\u00e1 no in\u00edcio do s\u00e9culo XX.<\/p>\n<\/div>\n<\/div>\n\n\n\n<div class=\"wp-block-columns is-layout-flex wp-container-core-columns-is-layout-9d6595d7 wp-block-columns-is-layout-flex\">\n<div class=\"wp-block-column is-layout-flow wp-block-column-is-layout-flow\" style=\"flex-basis:33.33%\">\n<figure class=\"wp-block-image size-large\"><img loading=\"lazy\" decoding=\"async\" width=\"184\" height=\"273\" src=\"https:\/\/fernandosalvio.com.br\/yoga\/wp-content\/uploads\/2020\/08\/sofia.jpg\" alt=\"\" class=\"wp-image-383\"\/><\/figure>\n<\/div>\n\n\n\n<div class=\"wp-block-column is-layout-flow wp-block-column-is-layout-flow\" style=\"flex-basis:66.66%\">\n<p><strong>O Mundo de Sofia<\/strong><\/p>\n\n\n\n<p>A hist\u00f3ria da filosofia ocidental dos tempos antigos at\u00e9 a atualidade contada de forma f\u00e1cil e l\u00fadica. Um professor misterioso envia cartas para uma adolescente prestes a completar 15 anos. Leitura muito fluente e at\u00e9 divertida em certos pontos.<\/p>\n<\/div>\n<\/div>\n\n\n\n<div class=\"wp-block-columns is-layout-flex wp-container-core-columns-is-layout-9d6595d7 wp-block-columns-is-layout-flex\">\n<div class=\"wp-block-column is-layout-flow wp-block-column-is-layout-flow\" style=\"flex-basis:33.33%\">\n<figure class=\"wp-block-image size-large\"><img loading=\"lazy\" decoding=\"async\" width=\"683\" height=\"1024\" src=\"https:\/\/fernandosalvio.com.br\/yoga\/wp-content\/uploads\/2021\/11\/yoga-tradicional-de-patanjali-683x1024.jpeg\" alt=\"\" class=\"wp-image-434\" srcset=\"https:\/\/fernandosalvio.com.br\/yoga\/wp-content\/uploads\/2021\/11\/yoga-tradicional-de-patanjali-683x1024.jpeg 683w, https:\/\/fernandosalvio.com.br\/yoga\/wp-content\/uploads\/2021\/11\/yoga-tradicional-de-patanjali-200x300.jpeg 200w, https:\/\/fernandosalvio.com.br\/yoga\/wp-content\/uploads\/2021\/11\/yoga-tradicional-de-patanjali.jpeg 720w\" sizes=\"(max-width: 683px) 100vw, 683px\" \/><\/figure>\n<\/div>\n\n\n\n<div class=\"wp-block-column is-layout-flow wp-block-column-is-layout-flow\" style=\"flex-basis:66.66%\">\n<p><strong>O Yoga tradicional de Pata\u00f1jali<\/strong><\/p>\n\n\n\n<p>O professor Roberto Martins faz uma \u00f3tima explana\u00e7\u00e3o do Yoga Sutra assim como os textos que o apoiam, trazendo uma clara exposi\u00e7\u00e3o dos ensinamentos do Raja Yoga.<\/p>\n<\/div>\n<\/div>\n\n\n\n<div class=\"wp-block-columns is-layout-flex wp-container-core-columns-is-layout-9d6595d7 wp-block-columns-is-layout-flex\">\n<div class=\"wp-block-column is-layout-flow wp-block-column-is-layout-flow\" style=\"flex-basis:33.33%\">\n<figure class=\"wp-block-image size-full\"><img loading=\"lazy\" decoding=\"async\" width=\"350\" height=\"522\" src=\"https:\/\/fernandosalvio.com.br\/yoga\/wp-content\/uploads\/2021\/11\/umnovomundoodespertardeumanovaconsciencia.jpg\" alt=\"\" class=\"wp-image-435\" srcset=\"https:\/\/fernandosalvio.com.br\/yoga\/wp-content\/uploads\/2021\/11\/umnovomundoodespertardeumanovaconsciencia.jpg 350w, https:\/\/fernandosalvio.com.br\/yoga\/wp-content\/uploads\/2021\/11\/umnovomundoodespertardeumanovaconsciencia-201x300.jpg 201w\" sizes=\"(max-width: 350px) 100vw, 350px\" \/><\/figure>\n<\/div>\n\n\n\n<div class=\"wp-block-column is-layout-flow wp-block-column-is-layout-flow\" style=\"flex-basis:66.66%\">\n<p><strong>Um novo mundo &#8211; O despertar de uma nova consci\u00eancia<\/strong><\/p>\n\n\n\n<p>Neste livro Eckhart Tolle reitera a experi\u00eancia de viver o momento presente. Com cap\u00edtulos pequenos e concisos traz exemplos de como viver de forma mais plena e feliz. N\u00e3o-resist\u00eancia, n\u00e3o-julgamento, transitoriedade, desapego s\u00e3o tr\u00eas aspectos da verdadeira liberdade e de uma vida iluminada.<\/p>\n<\/div>\n<\/div>\n","protected":false},"excerpt":{"rendered":"<p>Livros que recomendo V\u00e1rios desses est\u00e3o dispon\u00edveis para voc\u00ea na biblioteca do Espa\u00e7o Git\u00e1. Yoga Verde O autor, conhecido pelo seus livros sobre Yoga, percebe que as quest\u00f5es ambientais s\u00e3o mais urgentes. Com paralelos entre a vida na Terra e as escrituras antigas da \u00cdndia, mostra o nosso desequil\u00edbrio geral em rela\u00e7\u00e3o a biosfera. Entre [&hellip;]<\/p>\n","protected":false},"author":1,"featured_media":0,"parent":0,"menu_order":0,"comment_status":"closed","ping_status":"closed","template":"","meta":{"_exactmetrics_skip_tracking":false,"_exactmetrics_sitenote_active":false,"_exactmetrics_sitenote_note":"","_exactmetrics_sitenote_category":0,"footnotes":""},"class_list":["post-18","page","type-page","status-publish","hentry"],"_links":{"self":[{"href":"https:\/\/fernandosalvio.com.br\/yoga\/wp-json\/wp\/v2\/pages\/18","targetHints":{"allow":["GET"]}}],"collection":[{"href":"https:\/\/fernandosalvio.com.br\/yoga\/wp-json\/wp\/v2\/pages"}],"about":[{"href":"https:\/\/fernandosalvio.com.br\/yoga\/wp-json\/wp\/v2\/types\/page"}],"author":[{"embeddable":true,"href":"https:\/\/fernandosalvio.com.br\/yoga\/wp-json\/wp\/v2\/users\/1"}],"replies":[{"embeddable":true,"href":"https:\/\/fernandosalvio.com.br\/yoga\/wp-json\/wp\/v2\/comments?post=18"}],"version-history":[{"count":19,"href":"https:\/\/fernandosalvio.com.br\/yoga\/wp-json\/wp\/v2\/pages\/18\/revisions"}],"predecessor-version":[{"id":497,"href":"https:\/\/fernandosalvio.com.br\/yoga\/wp-json\/wp\/v2\/pages\/18\/revisions\/497"}],"wp:attachment":[{"href":"https:\/\/fernandosalvio.com.br\/yoga\/wp-json\/wp\/v2\/media?parent=18"}],"curies":[{"name":"wp","href":"https:\/\/api.w.org\/{rel}","templated":true}]}}