{"id":200,"date":"2019-09-16T19:12:26","date_gmt":"2019-09-16T19:12:26","guid":{"rendered":"https:\/\/fernandosalvio.com.br\/yoga\/?page_id=200"},"modified":"2026-01-14T17:05:48","modified_gmt":"2026-01-14T17:05:48","slug":"experiencias","status":"publish","type":"page","link":"https:\/\/fernandosalvio.com.br\/yoga\/quem-sou-eu\/experiencias\/","title":{"rendered":"Experi\u00eancias"},"content":{"rendered":"\n<p>Alguns certificados de cursos e palestras que participei na \u00e1rea de Yoga e relacionadas. <\/p>\n\n\n\n<p>Outras experi\u00eancias diversas neste <a rel=\"noreferrer noopener\" aria-label=\"link (abre numa nova aba)\" href=\"https:\/\/fernandosalvio.com.br\/ativista\/portfolio\/\" target=\"_blank\">link<\/a>. <\/p>\n\n\n\n<figure class=\"wp-block-image size-large\"><img fetchpriority=\"high\" decoding=\"async\" width=\"1024\" height=\"724\" src=\"https:\/\/fernandosalvio.com.br\/yoga\/wp-content\/uploads\/2025\/01\/Certificado-Moksa-Uma-visao-historica-do-Yoga-na-India-Fernando-Salvio-imagem-1024x724.jpeg\" alt=\"\" class=\"wp-image-475\" srcset=\"https:\/\/fernandosalvio.com.br\/yoga\/wp-content\/uploads\/2025\/01\/Certificado-Moksa-Uma-visao-historica-do-Yoga-na-India-Fernando-Salvio-imagem-1024x724.jpeg 1024w, https:\/\/fernandosalvio.com.br\/yoga\/wp-content\/uploads\/2025\/01\/Certificado-Moksa-Uma-visao-historica-do-Yoga-na-India-Fernando-Salvio-imagem-300x212.jpeg 300w, https:\/\/fernandosalvio.com.br\/yoga\/wp-content\/uploads\/2025\/01\/Certificado-Moksa-Uma-visao-historica-do-Yoga-na-India-Fernando-Salvio-imagem-768x543.jpeg 768w, https:\/\/fernandosalvio.com.br\/yoga\/wp-content\/uploads\/2025\/01\/Certificado-Moksa-Uma-visao-historica-do-Yoga-na-India-Fernando-Salvio-imagem-1536x1086.jpeg 1536w, https:\/\/fernandosalvio.com.br\/yoga\/wp-content\/uploads\/2025\/01\/Certificado-Moksa-Uma-visao-historica-do-Yoga-na-India-Fernando-Salvio-imagem.jpeg 1684w\" sizes=\"(max-width: 1024px) 100vw, 1024px\" \/><\/figure>\n\n\n\n<p><a href=\"https:\/\/moksaumavisaohistoricadoyogana.club.hotmart.com\/public\/user-certificate\/623ddcd4-fd84-47b3-97f3-830bfa767935\/_\">https:\/\/moksaumavisaohistoricadoyogana.club.hotmart.com\/public\/user-certificate\/623ddcd4-fd84-47b3-97f3-830bfa767935\/_<\/a><\/p>\n\n\n\n<figure class=\"wp-block-image size-large\"><a href=\"https:\/\/patanjali.club.hotmart.com\/public\/user-certificate\/879f05a5-8094-496b-956a-bc4093d0d7b9\/_\"><img decoding=\"async\" width=\"1024\" height=\"724\" src=\"https:\/\/fernandosalvio.com.br\/yoga\/wp-content\/uploads\/2023\/07\/certificado-fernando-salvio-yoga-patanjali-1024x724.jpeg\" alt=\"\" class=\"wp-image-470\" srcset=\"https:\/\/fernandosalvio.com.br\/yoga\/wp-content\/uploads\/2023\/07\/certificado-fernando-salvio-yoga-patanjali-1024x724.jpeg 1024w, https:\/\/fernandosalvio.com.br\/yoga\/wp-content\/uploads\/2023\/07\/certificado-fernando-salvio-yoga-patanjali-300x212.jpeg 300w, https:\/\/fernandosalvio.com.br\/yoga\/wp-content\/uploads\/2023\/07\/certificado-fernando-salvio-yoga-patanjali-768x543.jpeg 768w, https:\/\/fernandosalvio.com.br\/yoga\/wp-content\/uploads\/2023\/07\/certificado-fernando-salvio-yoga-patanjali-1536x1086.jpeg 1536w, https:\/\/fernandosalvio.com.br\/yoga\/wp-content\/uploads\/2023\/07\/certificado-fernando-salvio-yoga-patanjali.jpeg 1684w\" sizes=\"(max-width: 1024px) 100vw, 1024px\" \/><\/a><\/figure>\n\n\n\n<figure class=\"wp-block-image size-large\"><img decoding=\"async\" width=\"738\" height=\"1024\" src=\"https:\/\/fernandosalvio.com.br\/yoga\/wp-content\/uploads\/2020\/07\/Fernando-Salvio-kdham.jpg\" alt=\"\" class=\"wp-image-362\" srcset=\"https:\/\/fernandosalvio.com.br\/yoga\/wp-content\/uploads\/2020\/07\/Fernando-Salvio-kdham.jpg 738w, https:\/\/fernandosalvio.com.br\/yoga\/wp-content\/uploads\/2020\/07\/Fernando-Salvio-kdham-216x300.jpg 216w\" sizes=\"(max-width: 738px) 100vw, 738px\" \/><figcaption class=\"wp-element-caption\">Certificate Course in Yoga &#8211; Instituto Kaivalyadhama de Lonavla, \u00cdndia.<\/figcaption><\/figure>\n\n\n\n<figure class=\"wp-block-image size-large\"><img loading=\"lazy\" decoding=\"async\" width=\"1024\" height=\"708\" src=\"https:\/\/fernandosalvio.com.br\/yoga\/wp-content\/uploads\/2020\/07\/Certificado-IEPY-Fernando-Rodrigues-Salvio-1024x708.png\" alt=\"\" class=\"wp-image-358\" srcset=\"https:\/\/fernandosalvio.com.br\/yoga\/wp-content\/uploads\/2020\/07\/Certificado-IEPY-Fernando-Rodrigues-Salvio-1024x708.png 1024w, https:\/\/fernandosalvio.com.br\/yoga\/wp-content\/uploads\/2020\/07\/Certificado-IEPY-Fernando-Rodrigues-Salvio-300x208.png 300w, https:\/\/fernandosalvio.com.br\/yoga\/wp-content\/uploads\/2020\/07\/Certificado-IEPY-Fernando-Rodrigues-Salvio-768x531.png 768w, https:\/\/fernandosalvio.com.br\/yoga\/wp-content\/uploads\/2020\/07\/Certificado-IEPY-Fernando-Rodrigues-Salvio.png 1220w\" sizes=\"(max-width: 1024px) 100vw, 1024px\" \/><figcaption class=\"wp-element-caption\"><a href=\"https:\/\/fernandosalvio.com.br\/yoga\/wp-content\/uploads\/2020\/07\/Fernando-Rodrigues-Salvio-Certificado-IEPY.pdf\" target=\"_blank\" rel=\"noreferrer noopener\">Capacita\u00e7\u00e3o em Yoga IEPY<\/a><\/figcaption><\/figure>\n\n\n\n<figure class=\"wp-block-image size-large\"><img loading=\"lazy\" decoding=\"async\" width=\"1024\" height=\"1024\" src=\"https:\/\/fernandosalvio.com.br\/yoga\/wp-content\/uploads\/2025\/01\/Fernando-Salvio-Marcos-e-Deyse-Rojo-1024x1024.jpg\" alt=\"\" class=\"wp-image-478\" srcset=\"https:\/\/fernandosalvio.com.br\/yoga\/wp-content\/uploads\/2025\/01\/Fernando-Salvio-Marcos-e-Deyse-Rojo-1024x1024.jpg 1024w, https:\/\/fernandosalvio.com.br\/yoga\/wp-content\/uploads\/2025\/01\/Fernando-Salvio-Marcos-e-Deyse-Rojo-300x300.jpg 300w, https:\/\/fernandosalvio.com.br\/yoga\/wp-content\/uploads\/2025\/01\/Fernando-Salvio-Marcos-e-Deyse-Rojo-150x150.jpg 150w, https:\/\/fernandosalvio.com.br\/yoga\/wp-content\/uploads\/2025\/01\/Fernando-Salvio-Marcos-e-Deyse-Rojo-768x768.jpg 768w, https:\/\/fernandosalvio.com.br\/yoga\/wp-content\/uploads\/2025\/01\/Fernando-Salvio-Marcos-e-Deyse-Rojo.jpg 1440w\" sizes=\"(max-width: 1024px) 100vw, 1024px\" \/><figcaption class=\"wp-element-caption\">Professor Marcos Rojo e Deyse Rojo. <\/figcaption><\/figure>\n\n\n\n<figure class=\"wp-block-image\"><img loading=\"lazy\" decoding=\"async\" width=\"937\" height=\"505\" src=\"https:\/\/fernandosalvio.com.br\/yoga\/wp-content\/uploads\/2019\/12\/A-voz-das-yoginis.jpg\" alt=\"\" class=\"wp-image-274\" srcset=\"https:\/\/fernandosalvio.com.br\/yoga\/wp-content\/uploads\/2019\/12\/A-voz-das-yoginis.jpg 937w, https:\/\/fernandosalvio.com.br\/yoga\/wp-content\/uploads\/2019\/12\/A-voz-das-yoginis-300x162.jpg 300w, https:\/\/fernandosalvio.com.br\/yoga\/wp-content\/uploads\/2019\/12\/A-voz-das-yoginis-768x414.jpg 768w\" sizes=\"(max-width: 937px) 100vw, 937px\" \/><figcaption class=\"wp-element-caption\"><a href=\"https:\/\/www.facebook.com\/events\/2198043230296117\/\">A voz das Yoginis<\/a><\/figcaption><\/figure>\n\n\n\n<figure class=\"wp-block-image size-full\"><img loading=\"lazy\" decoding=\"async\" width=\"844\" height=\"598\" src=\"https:\/\/fernandosalvio.com.br\/yoga\/wp-content\/uploads\/2025\/06\/Certificado-Liga-de-Meditacao-Fernando-Salvio.png\" alt=\"\" class=\"wp-image-488\" srcset=\"https:\/\/fernandosalvio.com.br\/yoga\/wp-content\/uploads\/2025\/06\/Certificado-Liga-de-Meditacao-Fernando-Salvio.png 844w, https:\/\/fernandosalvio.com.br\/yoga\/wp-content\/uploads\/2025\/06\/Certificado-Liga-de-Meditacao-Fernando-Salvio-300x213.png 300w, https:\/\/fernandosalvio.com.br\/yoga\/wp-content\/uploads\/2025\/06\/Certificado-Liga-de-Meditacao-Fernando-Salvio-768x544.png 768w\" sizes=\"(max-width: 844px) 100vw, 844px\" \/><figcaption class=\"wp-element-caption\"><a href=\"https:\/\/fernandosalvio.com.br\/yoga\/wp-content\/uploads\/2019\/12\/Certificado-II-Curso-Introdut\u00f3rio-Fernando-Rodrigues-Salvio.pdf\">Curso Introdut\u00f3rio de Medita\u00e7\u00e3o e Sa\u00fade &#8211; FMUSP &#8211; PDF<\/a><\/figcaption><\/figure>\n\n\n\n<figure class=\"wp-block-image size-full\"><img loading=\"lazy\" decoding=\"async\" width=\"789\" height=\"559\" src=\"https:\/\/fernandosalvio.com.br\/yoga\/wp-content\/uploads\/2026\/01\/Did\u0430tica-aplicada-ao-yoga.png\" alt=\"\" class=\"wp-image-491\" srcset=\"https:\/\/fernandosalvio.com.br\/yoga\/wp-content\/uploads\/2026\/01\/Did\u0430tica-aplicada-ao-yoga.png 789w, https:\/\/fernandosalvio.com.br\/yoga\/wp-content\/uploads\/2026\/01\/Did\u0430tica-aplicada-ao-yoga-300x213.png 300w, https:\/\/fernandosalvio.com.br\/yoga\/wp-content\/uploads\/2026\/01\/Did\u0430tica-aplicada-ao-yoga-768x544.png 768w\" sizes=\"(max-width: 789px) 100vw, 789px\" \/><figcaption class=\"wp-element-caption\"><a href=\"https:\/\/e-certificado.com\/login\/visualizar?c=502695A1E50B8B73363120\">Did\u00e1tica aplicada ao Yoga<\/a> <br><br> <a href=\"https:\/\/fernandosalvio.com.br\/yoga\/wp-content\/uploads\/2019\/11\/certificado-FernandoSalvio-Did\u0430tica-em-Yoga.pdf\" data-type=\"link\" data-id=\"https:\/\/fernandosalvio.com.br\/yoga\/wp-content\/uploads\/2019\/11\/certificado-FernandoSalvio-Did\u0430tica-em-Yoga.pdf\">PDF<\/a><\/figcaption><\/figure>\n\n\n\n<figure class=\"wp-block-image\"><img loading=\"lazy\" decoding=\"async\" width=\"844\" height=\"598\" src=\"https:\/\/fernandosalvio.com.br\/yoga\/wp-content\/uploads\/2019\/09\/certificado-yogaterapia-fernandosalvio.png\" alt=\"\" class=\"wp-image-201\" srcset=\"https:\/\/fernandosalvio.com.br\/yoga\/wp-content\/uploads\/2019\/09\/certificado-yogaterapia-fernandosalvio.png 844w, https:\/\/fernandosalvio.com.br\/yoga\/wp-content\/uploads\/2019\/09\/certificado-yogaterapia-fernandosalvio-300x213.png 300w, https:\/\/fernandosalvio.com.br\/yoga\/wp-content\/uploads\/2019\/09\/certificado-yogaterapia-fernandosalvio-768x544.png 768w\" sizes=\"(max-width: 844px) 100vw, 844px\" \/><figcaption class=\"wp-element-caption\"><a href=\"https:\/\/e-certificado.com\/login\/visualizar?c=467397AB015F24E3363120\">Simp\u00f3sio Internacional de Yogaterapia<\/a> <br><br> <a href=\"https:\/\/fernandosalvio.com.br\/yoga\/wp-content\/uploads\/2019\/09\/certificado-yogaterapia-fernandosalvio.pdf\">PDF<\/a><\/figcaption><\/figure>\n\n\n\n<figure class=\"wp-block-image\"><img loading=\"lazy\" decoding=\"async\" width=\"844\" height=\"597\" src=\"https:\/\/fernandosalvio.com.br\/yoga\/wp-content\/uploads\/2019\/09\/certificado-yogaterapia-fernandosalvio-conteudo.png\" alt=\"\" class=\"wp-image-202\" srcset=\"https:\/\/fernandosalvio.com.br\/yoga\/wp-content\/uploads\/2019\/09\/certificado-yogaterapia-fernandosalvio-conteudo.png 844w, https:\/\/fernandosalvio.com.br\/yoga\/wp-content\/uploads\/2019\/09\/certificado-yogaterapia-fernandosalvio-conteudo-300x212.png 300w, https:\/\/fernandosalvio.com.br\/yoga\/wp-content\/uploads\/2019\/09\/certificado-yogaterapia-fernandosalvio-conteudo-768x543.png 768w\" sizes=\"(max-width: 844px) 100vw, 844px\" \/><figcaption class=\"wp-element-caption\">Conte\u00fado do Simp\u00f3sio Internacional de Yogaterapia<\/figcaption><\/figure>\n\n\n\n<figure class=\"wp-block-image size-large\"><img loading=\"lazy\" decoding=\"async\" width=\"921\" height=\"1024\" src=\"https:\/\/fernandosalvio.com.br\/yoga\/wp-content\/uploads\/2026\/01\/tecnicas-yogis-para-meditacao-921x1024.png\" alt=\"\" class=\"wp-image-493\" srcset=\"https:\/\/fernandosalvio.com.br\/yoga\/wp-content\/uploads\/2026\/01\/tecnicas-yogis-para-meditacao-921x1024.png 921w, https:\/\/fernandosalvio.com.br\/yoga\/wp-content\/uploads\/2026\/01\/tecnicas-yogis-para-meditacao-270x300.png 270w, https:\/\/fernandosalvio.com.br\/yoga\/wp-content\/uploads\/2026\/01\/tecnicas-yogis-para-meditacao-768x854.png 768w, https:\/\/fernandosalvio.com.br\/yoga\/wp-content\/uploads\/2026\/01\/tecnicas-yogis-para-meditacao-1382x1536.png 1382w, https:\/\/fernandosalvio.com.br\/yoga\/wp-content\/uploads\/2026\/01\/tecnicas-yogis-para-meditacao.png 1587w\" sizes=\"(max-width: 921px) 100vw, 921px\" \/><figcaption class=\"wp-element-caption\">Uso de t\u00e9cnicas yogis preparat\u00f3rias para a medita\u00e7\u00e3o<\/figcaption><\/figure>\n\n\n\n<figure class=\"wp-block-image\"><img loading=\"lazy\" decoding=\"async\" width=\"1024\" height=\"1024\" src=\"https:\/\/fernandosalvio.com.br\/yoga\/wp-content\/uploads\/2019\/09\/Yoga-e-o-Sistema-Visual-1024x1024.png\" alt=\"\" class=\"wp-image-225\" srcset=\"https:\/\/fernandosalvio.com.br\/yoga\/wp-content\/uploads\/2019\/09\/Yoga-e-o-Sistema-Visual-1024x1024.png 1024w, https:\/\/fernandosalvio.com.br\/yoga\/wp-content\/uploads\/2019\/09\/Yoga-e-o-Sistema-Visual-150x150.png 150w, https:\/\/fernandosalvio.com.br\/yoga\/wp-content\/uploads\/2019\/09\/Yoga-e-o-Sistema-Visual-300x300.png 300w, https:\/\/fernandosalvio.com.br\/yoga\/wp-content\/uploads\/2019\/09\/Yoga-e-o-Sistema-Visual-768x768.png 768w, https:\/\/fernandosalvio.com.br\/yoga\/wp-content\/uploads\/2019\/09\/Yoga-e-o-Sistema-Visual.png 1080w\" sizes=\"(max-width: 1024px) 100vw, 1024px\" \/><figcaption class=\"wp-element-caption\">Yoga e o Sistema Visual<\/figcaption><\/figure>\n\n\n\n<figure class=\"wp-block-image size-full\"><img loading=\"lazy\" decoding=\"async\" width=\"810\" height=\"546\" src=\"https:\/\/fernandosalvio.com.br\/yoga\/wp-content\/uploads\/2026\/01\/Certificado-Fernando-Salvio-Faculdade-Oswaldo-Cruz-Habilidades-Socioemocionais-Ciencia-e-Saude.png\" alt=\"\" class=\"wp-image-494\" srcset=\"https:\/\/fernandosalvio.com.br\/yoga\/wp-content\/uploads\/2026\/01\/Certificado-Fernando-Salvio-Faculdade-Oswaldo-Cruz-Habilidades-Socioemocionais-Ciencia-e-Saude.png 810w, https:\/\/fernandosalvio.com.br\/yoga\/wp-content\/uploads\/2026\/01\/Certificado-Fernando-Salvio-Faculdade-Oswaldo-Cruz-Habilidades-Socioemocionais-Ciencia-e-Saude-300x202.png 300w, https:\/\/fernandosalvio.com.br\/yoga\/wp-content\/uploads\/2026\/01\/Certificado-Fernando-Salvio-Faculdade-Oswaldo-Cruz-Habilidades-Socioemocionais-Ciencia-e-Saude-768x518.png 768w\" sizes=\"(max-width: 810px) 100vw, 810px\" \/><figcaption class=\"wp-element-caption\"><a href=\"https:\/\/fernandosalvio.com.br\/yoga\/wp-content\/uploads\/2019\/10\/Certificado-Workshop.pdf\">Faculdades Oswaldo Cruz &#8211; Workshop Habilidades Socioemocionais, Ci\u00eancia e Sa\u00fade<\/a><\/figcaption><\/figure>\n\n\n\n<p>Cursos na antiga Uni-Y\u00f4ga<\/p>\n\n\n\n<figure class=\"wp-block-image\"><img loading=\"lazy\" decoding=\"async\" width=\"1024\" height=\"721\" src=\"https:\/\/fernandosalvio.com.br\/yoga\/wp-content\/uploads\/2019\/09\/certificado-50-aulas-fernandosalvio-1024x721.jpg\" alt=\"\" class=\"wp-image-203\" srcset=\"https:\/\/fernandosalvio.com.br\/yoga\/wp-content\/uploads\/2019\/09\/certificado-50-aulas-fernandosalvio-1024x721.jpg 1024w, https:\/\/fernandosalvio.com.br\/yoga\/wp-content\/uploads\/2019\/09\/certificado-50-aulas-fernandosalvio-300x211.jpg 300w, https:\/\/fernandosalvio.com.br\/yoga\/wp-content\/uploads\/2019\/09\/certificado-50-aulas-fernandosalvio-768x541.jpg 768w\" sizes=\"(max-width: 1024px) 100vw, 1024px\" \/><\/figure>\n\n\n\n<figure class=\"wp-block-image\"><img loading=\"lazy\" decoding=\"async\" width=\"1024\" height=\"733\" src=\"https:\/\/fernandosalvio.com.br\/yoga\/wp-content\/uploads\/2019\/09\/certificado-introducaoswasthya-fernandosalvio-1024x733.jpg\" alt=\"\" class=\"wp-image-204\" srcset=\"https:\/\/fernandosalvio.com.br\/yoga\/wp-content\/uploads\/2019\/09\/certificado-introducaoswasthya-fernandosalvio-1024x733.jpg 1024w, https:\/\/fernandosalvio.com.br\/yoga\/wp-content\/uploads\/2019\/09\/certificado-introducaoswasthya-fernandosalvio-300x215.jpg 300w, https:\/\/fernandosalvio.com.br\/yoga\/wp-content\/uploads\/2019\/09\/certificado-introducaoswasthya-fernandosalvio-768x550.jpg 768w\" sizes=\"(max-width: 1024px) 100vw, 1024px\" \/><\/figure>\n\n\n\n<figure class=\"wp-block-image\"><img loading=\"lazy\" decoding=\"async\" width=\"1024\" height=\"729\" src=\"https:\/\/fernandosalvio.com.br\/yoga\/wp-content\/uploads\/2019\/09\/certificado-japa-fernandosalvio-1024x729.jpg\" alt=\"\" class=\"wp-image-205\" srcset=\"https:\/\/fernandosalvio.com.br\/yoga\/wp-content\/uploads\/2019\/09\/certificado-japa-fernandosalvio-1024x729.jpg 1024w, https:\/\/fernandosalvio.com.br\/yoga\/wp-content\/uploads\/2019\/09\/certificado-japa-fernandosalvio-300x214.jpg 300w, https:\/\/fernandosalvio.com.br\/yoga\/wp-content\/uploads\/2019\/09\/certificado-japa-fernandosalvio-768x547.jpg 768w\" sizes=\"(max-width: 1024px) 100vw, 1024px\" \/><\/figure>\n\n\n\n<figure class=\"wp-block-image\"><img loading=\"lazy\" decoding=\"async\" width=\"1024\" height=\"727\" src=\"https:\/\/fernandosalvio.com.br\/yoga\/wp-content\/uploads\/2019\/09\/certificado-mantra-fernandosalvio-1024x727.jpg\" alt=\"\" class=\"wp-image-206\" srcset=\"https:\/\/fernandosalvio.com.br\/yoga\/wp-content\/uploads\/2019\/09\/certificado-mantra-fernandosalvio-1024x727.jpg 1024w, https:\/\/fernandosalvio.com.br\/yoga\/wp-content\/uploads\/2019\/09\/certificado-mantra-fernandosalvio-300x213.jpg 300w, https:\/\/fernandosalvio.com.br\/yoga\/wp-content\/uploads\/2019\/09\/certificado-mantra-fernandosalvio-768x545.jpg 768w\" sizes=\"(max-width: 1024px) 100vw, 1024px\" \/><\/figure>\n\n\n\n<figure class=\"wp-block-image\"><img loading=\"lazy\" decoding=\"async\" width=\"1024\" height=\"707\" src=\"https:\/\/fernandosalvio.com.br\/yoga\/wp-content\/uploads\/2019\/09\/certificado-mantra-kirtan-fernandosalvio-1024x707.jpg\" alt=\"\" class=\"wp-image-207\" srcset=\"https:\/\/fernandosalvio.com.br\/yoga\/wp-content\/uploads\/2019\/09\/certificado-mantra-kirtan-fernandosalvio-1024x707.jpg 1024w, https:\/\/fernandosalvio.com.br\/yoga\/wp-content\/uploads\/2019\/09\/certificado-mantra-kirtan-fernandosalvio-300x207.jpg 300w, https:\/\/fernandosalvio.com.br\/yoga\/wp-content\/uploads\/2019\/09\/certificado-mantra-kirtan-fernandosalvio-768x530.jpg 768w, https:\/\/fernandosalvio.com.br\/yoga\/wp-content\/uploads\/2019\/09\/certificado-mantra-kirtan-fernandosalvio.jpg 2000w\" sizes=\"(max-width: 1024px) 100vw, 1024px\" \/><\/figure>\n\n\n\n<figure class=\"wp-block-image\"><img loading=\"lazy\" decoding=\"async\" width=\"1024\" height=\"736\" src=\"https:\/\/fernandosalvio.com.br\/yoga\/wp-content\/uploads\/2019\/09\/certificado-meditacao-carloscardoso-fernandosalvio-1024x736.jpg\" alt=\"\" class=\"wp-image-208\" srcset=\"https:\/\/fernandosalvio.com.br\/yoga\/wp-content\/uploads\/2019\/09\/certificado-meditacao-carloscardoso-fernandosalvio-1024x736.jpg 1024w, https:\/\/fernandosalvio.com.br\/yoga\/wp-content\/uploads\/2019\/09\/certificado-meditacao-carloscardoso-fernandosalvio-300x216.jpg 300w, https:\/\/fernandosalvio.com.br\/yoga\/wp-content\/uploads\/2019\/09\/certificado-meditacao-carloscardoso-fernandosalvio-768x552.jpg 768w\" sizes=\"(max-width: 1024px) 100vw, 1024px\" \/><\/figure>\n\n\n\n<figure class=\"wp-block-image\"><img loading=\"lazy\" decoding=\"async\" width=\"1024\" height=\"753\" src=\"https:\/\/fernandosalvio.com.br\/yoga\/wp-content\/uploads\/2019\/09\/certificado-meditacao-fernandosalvio-1024x753.jpg\" alt=\"\" class=\"wp-image-209\" srcset=\"https:\/\/fernandosalvio.com.br\/yoga\/wp-content\/uploads\/2019\/09\/certificado-meditacao-fernandosalvio-1024x753.jpg 1024w, https:\/\/fernandosalvio.com.br\/yoga\/wp-content\/uploads\/2019\/09\/certificado-meditacao-fernandosalvio-300x221.jpg 300w, https:\/\/fernandosalvio.com.br\/yoga\/wp-content\/uploads\/2019\/09\/certificado-meditacao-fernandosalvio-768x565.jpg 768w\" sizes=\"(max-width: 1024px) 100vw, 1024px\" \/><\/figure>\n\n\n\n<figure class=\"wp-block-image\"><img loading=\"lazy\" decoding=\"async\" width=\"1024\" height=\"710\" src=\"https:\/\/fernandosalvio.com.br\/yoga\/wp-content\/uploads\/2019\/09\/certificado-nadasadhana-fernandosalvio-1024x710.jpg\" alt=\"\" class=\"wp-image-210\" srcset=\"https:\/\/fernandosalvio.com.br\/yoga\/wp-content\/uploads\/2019\/09\/certificado-nadasadhana-fernandosalvio-1024x710.jpg 1024w, https:\/\/fernandosalvio.com.br\/yoga\/wp-content\/uploads\/2019\/09\/certificado-nadasadhana-fernandosalvio-300x208.jpg 300w, https:\/\/fernandosalvio.com.br\/yoga\/wp-content\/uploads\/2019\/09\/certificado-nadasadhana-fernandosalvio-768x532.jpg 768w, https:\/\/fernandosalvio.com.br\/yoga\/wp-content\/uploads\/2019\/09\/certificado-nadasadhana-fernandosalvio.jpg 1968w\" sizes=\"(max-width: 1024px) 100vw, 1024px\" \/><\/figure>\n\n\n\n<figure class=\"wp-block-image\"><img loading=\"lazy\" decoding=\"async\" width=\"1024\" height=\"730\" src=\"https:\/\/fernandosalvio.com.br\/yoga\/wp-content\/uploads\/2019\/09\/certificado-pranayama-fernandosalvio-1024x730.jpg\" alt=\"\" class=\"wp-image-212\" srcset=\"https:\/\/fernandosalvio.com.br\/yoga\/wp-content\/uploads\/2019\/09\/certificado-pranayama-fernandosalvio-1024x730.jpg 1024w, https:\/\/fernandosalvio.com.br\/yoga\/wp-content\/uploads\/2019\/09\/certificado-pranayama-fernandosalvio-300x214.jpg 300w, https:\/\/fernandosalvio.com.br\/yoga\/wp-content\/uploads\/2019\/09\/certificado-pranayama-fernandosalvio-768x547.jpg 768w\" sizes=\"(max-width: 1024px) 100vw, 1024px\" \/><\/figure>\n\n\n\n<figure class=\"wp-block-image\"><img loading=\"lazy\" decoding=\"async\" width=\"1024\" height=\"707\" src=\"https:\/\/fernandosalvio.com.br\/yoga\/wp-content\/uploads\/2019\/09\/certificado-preyoga-fernandosalvio-1024x707.jpg\" alt=\"\" class=\"wp-image-213\" srcset=\"https:\/\/fernandosalvio.com.br\/yoga\/wp-content\/uploads\/2019\/09\/certificado-preyoga-fernandosalvio-1024x707.jpg 1024w, https:\/\/fernandosalvio.com.br\/yoga\/wp-content\/uploads\/2019\/09\/certificado-preyoga-fernandosalvio-300x207.jpg 300w, https:\/\/fernandosalvio.com.br\/yoga\/wp-content\/uploads\/2019\/09\/certificado-preyoga-fernandosalvio-768x530.jpg 768w\" sizes=\"(max-width: 1024px) 100vw, 1024px\" \/><\/figure>\n\n\n\n<figure class=\"wp-block-image\"><img loading=\"lazy\" decoding=\"async\" width=\"1024\" height=\"722\" src=\"https:\/\/fernandosalvio.com.br\/yoga\/wp-content\/uploads\/2019\/09\/certificado-sanscrito-fernandosalvio-1024x722.jpg\" alt=\"\" class=\"wp-image-214\" srcset=\"https:\/\/fernandosalvio.com.br\/yoga\/wp-content\/uploads\/2019\/09\/certificado-sanscrito-fernandosalvio-1024x722.jpg 1024w, https:\/\/fernandosalvio.com.br\/yoga\/wp-content\/uploads\/2019\/09\/certificado-sanscrito-fernandosalvio-300x212.jpg 300w, https:\/\/fernandosalvio.com.br\/yoga\/wp-content\/uploads\/2019\/09\/certificado-sanscrito-fernandosalvio-768x542.jpg 768w\" sizes=\"(max-width: 1024px) 100vw, 1024px\" \/><\/figure>\n\n\n\n<figure class=\"wp-block-image\"><img loading=\"lazy\" decoding=\"async\" width=\"1024\" height=\"732\" src=\"https:\/\/fernandosalvio.com.br\/yoga\/wp-content\/uploads\/2019\/09\/certificado-yoga-empresas-fernandosalvio-1024x732.jpg\" alt=\"\" class=\"wp-image-215\" srcset=\"https:\/\/fernandosalvio.com.br\/yoga\/wp-content\/uploads\/2019\/09\/certificado-yoga-empresas-fernandosalvio-1024x732.jpg 1024w, https:\/\/fernandosalvio.com.br\/yoga\/wp-content\/uploads\/2019\/09\/certificado-yoga-empresas-fernandosalvio-300x214.jpg 300w, https:\/\/fernandosalvio.com.br\/yoga\/wp-content\/uploads\/2019\/09\/certificado-yoga-empresas-fernandosalvio-768x549.jpg 768w\" sizes=\"(max-width: 1024px) 100vw, 1024px\" \/><\/figure>\n\n\n\n<figure class=\"wp-block-image\"><img loading=\"lazy\" decoding=\"async\" width=\"1024\" height=\"714\" src=\"https:\/\/fernandosalvio.com.br\/yoga\/wp-content\/uploads\/2019\/09\/certificado-yoganantigo-fernandosalvio-1024x714.jpg\" alt=\"\" class=\"wp-image-216\" srcset=\"https:\/\/fernandosalvio.com.br\/yoga\/wp-content\/uploads\/2019\/09\/certificado-yoganantigo-fernandosalvio-1024x714.jpg 1024w, https:\/\/fernandosalvio.com.br\/yoga\/wp-content\/uploads\/2019\/09\/certificado-yoganantigo-fernandosalvio-300x209.jpg 300w, https:\/\/fernandosalvio.com.br\/yoga\/wp-content\/uploads\/2019\/09\/certificado-yoganantigo-fernandosalvio-768x535.jpg 768w\" sizes=\"(max-width: 1024px) 100vw, 1024px\" \/><\/figure>\n","protected":false},"excerpt":{"rendered":"<p>Alguns certificados de cursos e palestras que participei na \u00e1rea de Yoga e relacionadas. Outras experi\u00eancias diversas neste link. https:\/\/moksaumavisaohistoricadoyogana.club.hotmart.com\/public\/user-certificate\/623ddcd4-fd84-47b3-97f3-830bfa767935\/_ Cursos na antiga Uni-Y\u00f4ga<\/p>\n","protected":false},"author":1,"featured_media":211,"parent":123,"menu_order":0,"comment_status":"closed","ping_status":"closed","template":"","meta":{"_exactmetrics_skip_tracking":false,"_exactmetrics_sitenote_active":false,"_exactmetrics_sitenote_note":"","_exactmetrics_sitenote_category":0,"footnotes":""},"class_list":["post-200","page","type-page","status-publish","has-post-thumbnail","hentry"],"_links":{"self":[{"href":"https:\/\/fernandosalvio.com.br\/yoga\/wp-json\/wp\/v2\/pages\/200","targetHints":{"allow":["GET"]}}],"collection":[{"href":"https:\/\/fernandosalvio.com.br\/yoga\/wp-json\/wp\/v2\/pages"}],"about":[{"href":"https:\/\/fernandosalvio.com.br\/yoga\/wp-json\/wp\/v2\/types\/page"}],"author":[{"embeddable":true,"href":"https:\/\/fernandosalvio.com.br\/yoga\/wp-json\/wp\/v2\/users\/1"}],"replies":[{"embeddable":true,"href":"https:\/\/fernandosalvio.com.br\/yoga\/wp-json\/wp\/v2\/comments?post=200"}],"version-history":[{"count":17,"href":"https:\/\/fernandosalvio.com.br\/yoga\/wp-json\/wp\/v2\/pages\/200\/revisions"}],"predecessor-version":[{"id":495,"href":"https:\/\/fernandosalvio.com.br\/yoga\/wp-json\/wp\/v2\/pages\/200\/revisions\/495"}],"up":[{"embeddable":true,"href":"https:\/\/fernandosalvio.com.br\/yoga\/wp-json\/wp\/v2\/pages\/123"}],"wp:featuredmedia":[{"embeddable":true,"href":"https:\/\/fernandosalvio.com.br\/yoga\/wp-json\/wp\/v2\/media\/211"}],"wp:attachment":[{"href":"https:\/\/fernandosalvio.com.br\/yoga\/wp-json\/wp\/v2\/media?parent=200"}],"curies":[{"name":"wp","href":"https:\/\/api.w.org\/{rel}","templated":true}]}}