{"id":285,"date":"2020-03-19T12:51:57","date_gmt":"2020-03-19T12:51:57","guid":{"rendered":"https:\/\/fernandosalvio.com.br\/yoga\/?page_id=285"},"modified":"2020-03-21T18:55:17","modified_gmt":"2020-03-21T18:55:17","slug":"yoga-em-tempos-de-corona","status":"publish","type":"page","link":"https:\/\/fernandosalvio.com.br\/yoga\/yoga-em-tempos-de-corona\/","title":{"rendered":"Yoga em tempos de Corona"},"content":{"rendered":"\n<h2 class=\"wp-block-heading\">Yoga em tempos de Corona<\/h2>\n\n\n\n<div class=\"wp-block-image\"><figure class=\"aligncenter size-large\"><img fetchpriority=\"high\" decoding=\"async\" width=\"520\" height=\"330\" src=\"https:\/\/fernandosalvio.com.br\/yoga\/wp-content\/uploads\/2020\/03\/meditation-and-karma.jpg\" alt=\"\" class=\"wp-image-286\" srcset=\"https:\/\/fernandosalvio.com.br\/yoga\/wp-content\/uploads\/2020\/03\/meditation-and-karma.jpg 520w, https:\/\/fernandosalvio.com.br\/yoga\/wp-content\/uploads\/2020\/03\/meditation-and-karma-300x190.jpg 300w\" sizes=\"(max-width: 520px) 100vw, 520px\" \/><\/figure><\/div>\n\n\n\n<p>Analisando a situa\u00e7\u00e3o atual onde muitas pessoas est\u00e3o sendo obrigadas a ficar confinadas em casa, vejo o Yoga como uma \u00f3tima ferramenta para superar essa fase.<\/p>\n\n\n\n<p>Yoga \u00e9 medita\u00e7\u00e3o. Yoga \u00e9 a supress\u00e3o da instabilidade da consci\u00eancia.<\/p>\n\n\n\n<p>Medita\u00e7\u00e3o pode ser um treinamento, como estamos acostumados a ver, onde nos concentramos em algo como uma \u00e2ncora: um som, a respira\u00e7\u00e3o, uma imagem etc e vamos aos poucos diminuindo o fluxo de pensamentos, entrando no estado meditativo.<\/p>\n\n\n\n<p>Pode tamb\u00e9m designar um estado, onde o meditante vive sua vida normalmente, mas num estado incomum de meditador. N\u00e3o \u00e9 mais um escravo dos pensamentos e sim senhor da sua mente.<\/p>\n\n\n\n<p>Os diversos m\u00e9todos de Yoga visam levar a esse estado e um pouco mais.<\/p>\n\n\n\n<p>O Hatha-Yoga, a modalidade que mais se difundiu e originou v\u00e1rias linhas atuais, vem de uma tradi\u00e7\u00e3o indiana chamada Tantra (e n\u00e3o \u00e9 nada do que esta palavra pode lhe supor, afinal foi totalmente distorcida no Ocidente).&nbsp;<\/p>\n\n\n\n<p>Citando o livro O Tantra Iluminado, p\u00e1gina 145.<\/p>\n\n\n\n<blockquote class=\"wp-block-quote is-layout-flow wp-block-quote-is-layout-flow\"><p><em>O Tantra originou-se como um fen\u00f4meno religioso distintamente indiano, embora, com o tempo, tenha-se difundido por muitas culturas asi\u00e1ticas. Nossa primeira evid\u00eancia definitiva disso data de 1500 anos atr\u00e1s no norte da \u00cdndia. Esse foi um momento turbulento na hist\u00f3ria da \u00cdndia, pois o grande imp\u00e9rio dos Gupta desmoronou, deixando in\u00fameros e pequenos reinos em guerra. <\/em><strong><em><u>A incerteza da vida estava em seu maior apogeu: n\u00e3o havia seguran\u00e7a para o lar, para o sustento ou mesmo para a pr\u00f3pria vida. Nesses momentos, as pessoas desejam modos de fortalecimento<\/u><\/em><\/strong><em>, e foi para preencher essa necessidade que surgiu o Tantra, oferecendo novas tecnologias mais eficientes para a transforma\u00e7\u00e3o da mente, do corpo e do meio ambiente. Embora o Tantra tenha prometido vantagens mundanas para alguns, <\/em><strong><em><u>o que finalmente teve para oferecer foi o maior fortalecimento de todos: o poder de determinar seu pr\u00f3prio estado interior, independente da circunst\u00e2ncia externa.<\/u><\/em><br><\/strong><\/p><\/blockquote>\n\n\n\n<p>Alguma semelhan\u00e7a com a situa\u00e7\u00e3o atual?<\/p>\n\n\n\n<p>Ent\u00e3o desenrole seu tapetinho e v\u00e1 praticar.<\/p>\n\n\n\n<p>N\u00e3o sabe como, nesse momento de isolamento?&nbsp;<\/p>\n\n\n\n<p>Hoje temos tecnologia para tanto, converse com um professor e tente uma aula remota via WhatsApp, Instagram, Skype etc ou num local aberto como um parque.<\/p>\n\n\n\n<p>Espero que tenham for\u00e7a e uma mente tranquila para passar por essa fase.<br><br>Um forte abra\u00e7o virtual,&nbsp;<br><br>Fernando Salvio<\/p>\n\n\n\n<figure class=\"wp-block-image size-large\"><img decoding=\"async\" width=\"970\" height=\"790\" src=\"https:\/\/fernandosalvio.com.br\/yoga\/wp-content\/uploads\/2020\/03\/20200319_115641.jpg\" alt=\"\" class=\"wp-image-299\" srcset=\"https:\/\/fernandosalvio.com.br\/yoga\/wp-content\/uploads\/2020\/03\/20200319_115641.jpg 970w, https:\/\/fernandosalvio.com.br\/yoga\/wp-content\/uploads\/2020\/03\/20200319_115641-300x244.jpg 300w, https:\/\/fernandosalvio.com.br\/yoga\/wp-content\/uploads\/2020\/03\/20200319_115641-768x625.jpg 768w\" sizes=\"(max-width: 970px) 100vw, 970px\" \/><\/figure>\n","protected":false},"excerpt":{"rendered":"<p>Yoga em tempos de Corona Analisando a situa\u00e7\u00e3o atual onde muitas pessoas est\u00e3o sendo obrigadas a ficar confinadas em casa, vejo o Yoga como uma \u00f3tima ferramenta para superar essa fase. Yoga \u00e9 medita\u00e7\u00e3o. Yoga \u00e9 a supress\u00e3o da instabilidade da consci\u00eancia. Medita\u00e7\u00e3o pode ser um treinamento, como estamos acostumados a ver, onde nos concentramos [&hellip;]<\/p>\n","protected":false},"author":1,"featured_media":286,"parent":0,"menu_order":0,"comment_status":"closed","ping_status":"closed","template":"","meta":{"_exactmetrics_skip_tracking":false,"_exactmetrics_sitenote_active":false,"_exactmetrics_sitenote_note":"","_exactmetrics_sitenote_category":0,"footnotes":""},"class_list":["post-285","page","type-page","status-publish","has-post-thumbnail","hentry"],"_links":{"self":[{"href":"https:\/\/fernandosalvio.com.br\/yoga\/wp-json\/wp\/v2\/pages\/285","targetHints":{"allow":["GET"]}}],"collection":[{"href":"https:\/\/fernandosalvio.com.br\/yoga\/wp-json\/wp\/v2\/pages"}],"about":[{"href":"https:\/\/fernandosalvio.com.br\/yoga\/wp-json\/wp\/v2\/types\/page"}],"author":[{"embeddable":true,"href":"https:\/\/fernandosalvio.com.br\/yoga\/wp-json\/wp\/v2\/users\/1"}],"replies":[{"embeddable":true,"href":"https:\/\/fernandosalvio.com.br\/yoga\/wp-json\/wp\/v2\/comments?post=285"}],"version-history":[{"count":12,"href":"https:\/\/fernandosalvio.com.br\/yoga\/wp-json\/wp\/v2\/pages\/285\/revisions"}],"predecessor-version":[{"id":304,"href":"https:\/\/fernandosalvio.com.br\/yoga\/wp-json\/wp\/v2\/pages\/285\/revisions\/304"}],"wp:featuredmedia":[{"embeddable":true,"href":"https:\/\/fernandosalvio.com.br\/yoga\/wp-json\/wp\/v2\/media\/286"}],"wp:attachment":[{"href":"https:\/\/fernandosalvio.com.br\/yoga\/wp-json\/wp\/v2\/media?parent=285"}],"curies":[{"name":"wp","href":"https:\/\/api.w.org\/{rel}","templated":true}]}}